{"id":153,"date":"2019-04-17T20:42:19","date_gmt":"2019-04-17T18:42:19","guid":{"rendered":"http:\/\/paroisses-nancy-sud.fr\/HOME\/?page_id=153"},"modified":"2022-08-19T17:48:58","modified_gmt":"2022-08-19T15:48:58","slug":"priere-des-meres","status":"publish","type":"page","link":"https:\/\/paroisses-nancy-sud.fr\/HOME\/priere-des-meres\/","title":{"rendered":"Pri\u00e8re des m\u00e8res"},"content":{"rendered":"\n<p><span style=\"color: #000000;\">La pri\u00e8re des m\u00e8res soutient et s&rsquo;adresse \u00e0 toutes celles qui ont un c\u0153ur de m\u00e8re et qui d\u00e9sirent prier ensemble pour les enfants, petits et arri\u00e8res petits enfants et tous les enfants du monde.<\/span><br \/><span style=\"color: #000000;\">La pri\u00e8re des m\u00e8res a d\u00e9marr\u00e9 en Angleterre en 1995 et s&rsquo;est r\u00e9pandue dans 120 pays du monde .des milliers de groupes se r\u00e9unissent toutes les semaines .<\/span><\/p>\n<p><span style=\"color: #000000;\">Actuellement nous sommes 5 a 6 m\u00e8res et grands-m\u00e8res <strong>le jeudi de 17h \u00e0 18h \u00e0 la salle paroissiale<\/strong> <strong>\u00e0 Jarville<\/strong> (sauf premier jeudi du mois et les vacances).<\/span><br \/><span style=\"color: #000000;\">La pri\u00e8re se base sur la certitude que Dieu nous aime, nous et nos enfants, et sur la confiance totale en lui. Nous pr\u00e9sentons ainsi \u00e0 Dieu tous nos enfants ,on lui d\u00e9pose tous nos fardeaux .Il nous donne sa paix parce que l&rsquo;on sait avec certitude qu&rsquo;il agira .<\/span><\/p>\n<p><span style=\"color: #000000;\">Nous avons d\u00e9j\u00e0 re\u00e7u des gr\u00e2ces et de beaux t\u00e9moignages .<\/span><\/p>\n<p style=\"text-align: right;\"><span style=\"color: #000000;\">Nelly Couriot<\/span><\/p>\n","protected":false},"excerpt":{"rendered":"<p>La pri\u00e8re des m\u00e8res soutient et s&rsquo;adresse \u00e0 toutes celles qui ont un c\u0153ur de m\u00e8re et qui d\u00e9sirent prier ensemble pour les enfants, petits et arri\u00e8res petits enfants et tous les enfants du monde.La pri\u00e8re des m\u00e8res a d\u00e9marr\u00e9 en Angleterre en 1995 et s&rsquo;est r\u00e9pandue dans 120 pays du monde .des milliers de&hellip; <br \/> <a class=\"read-more\" href=\"https:\/\/paroisses-nancy-sud.fr\/HOME\/priere-des-meres\/\">Lire la suite<\/a><\/p>\n","protected":false},"author":2,"featured_media":0,"parent":0,"menu_order":0,"comment_status":"closed","ping_status":"closed","template":"","meta":[],"acf":[],"_links":{"self":[{"href":"https:\/\/paroisses-nancy-sud.fr\/HOME\/wp-json\/wp\/v2\/pages\/153"}],"collection":[{"href":"https:\/\/paroisses-nancy-sud.fr\/HOME\/wp-json\/wp\/v2\/pages"}],"about":[{"href":"https:\/\/paroisses-nancy-sud.fr\/HOME\/wp-json\/wp\/v2\/types\/page"}],"author":[{"embeddable":true,"href":"https:\/\/paroisses-nancy-sud.fr\/HOME\/wp-json\/wp\/v2\/users\/2"}],"replies":[{"embeddable":true,"href":"https:\/\/paroisses-nancy-sud.fr\/HOME\/wp-json\/wp\/v2\/comments?post=153"}],"version-history":[{"count":3,"href":"https:\/\/paroisses-nancy-sud.fr\/HOME\/wp-json\/wp\/v2\/pages\/153\/revisions"}],"predecessor-version":[{"id":2358,"href":"https:\/\/paroisses-nancy-sud.fr\/HOME\/wp-json\/wp\/v2\/pages\/153\/revisions\/2358"}],"wp:attachment":[{"href":"https:\/\/paroisses-nancy-sud.fr\/HOME\/wp-json\/wp\/v2\/media?parent=153"}],"curies":[{"name":"wp","href":"https:\/\/api.w.org\/{rel}","templated":true}]}}