{"id":155,"date":"2019-04-17T20:42:19","date_gmt":"2019-04-17T18:42:19","guid":{"rendered":"http:\/\/paroisses-nancy-sud.fr\/HOME\/?page_id=155"},"modified":"2025-08-29T10:46:41","modified_gmt":"2025-08-29T08:46:41","slug":"chanter-cest-prier","status":"publish","type":"page","link":"https:\/\/paroisses-nancy-sud.fr\/HOME\/chanter-cest-prier\/","title":{"rendered":"Chanter c&rsquo;est prier"},"content":{"rendered":"\n<p class=\"Normal tm6 tm7\" style=\"text-align: center;\"><span style=\"color: #000000;\"><strong><span class=\"tm8\">Le 4\u00e8me jeudi du mois, \u00e0 17h45, sauf entre la Toussaint et P\u00e2ques, <\/span><\/strong><\/span><span class=\"tm8\" style=\"color: #000000;\">\u00a0<strong>\u00ab\u00a0on ADORE chanter\u00a0\u00bb \u00e0 Flavigny.<\/strong><\/span><\/p>\n<p class=\"Sansinterligne tm9\"><span style=\"color: #000000;\"><span class=\"tm10\">\u00a0Il ne s\u2019agit ni de r\u00e9p\u00e9ter, ni d\u2019apprendre des chants pour la messe du dimanche\u2026<\/span><\/span><\/p>\n<p class=\"Sansinterligne tm11\"><span style=\"color: #000000;\"><span class=\"tm10\">\u00a0<\/span><span class=\"tm10\">Il s\u2019agit : <\/span><span class=\"tm10\">\u00a0<br \/><\/span><\/span><span class=\"tm10\"><span style=\"color: #000000;\">\u00a0 \u00a0 \u00a0 &#8211; d\u2019ajuster nos voix les unes aux autres,<br \/><\/span><\/span><span style=\"font-size: revert; color: initial;\">\u00a0 \u00a0\u00a0<\/span><span style=\"color: #000000;\">\u00a0 &#8211; de redonner du sens aux paroles,<br \/><\/span><span class=\"tm10\">\u00a0\u00a0\u00a0\u00a0<span style=\"color: #000000;\">\u00a0 &#8211; de les int\u00e9rioriser\u2026<\/span><\/span><span class=\"tm10\" style=\"color: #000000;\">\u00a0<br \/><\/span><span style=\"color: #000000;\"><span class=\"tm10\">\u2026<\/span><span class=\"tm12\">pour que notre chant devienne pri\u00e8re \u2026<\/span><span class=\"tm10\">\u00a0<br \/><\/span><em><span class=\"tm13\">\u00ab la voix de tes enfants, Seigneur, s\u2019\u00e9l\u00e8ve sur la terre,<br \/><\/span><\/em><em style=\"font-size: revert; text-align: center;\"><span class=\"tm13\">vers toi comme un encens, Seigneur, s\u2019\u00e9l\u00e8vent nos pri\u00e8res.\u00a0\u00bb<\/span><\/em><\/span><\/p>\n<p class=\"Sansinterligne tm11\"><span style=\"color: #000000;\"><em><span class=\"tm13\">\u00a0<\/span><\/em><\/span><span style=\"color: #000000;\"><em>\u00a0\u00a0\u00a0\u00a0\u00a0\u00a0\u00a0\u00a0\u00a0\u00a0\u00a0\u00a0\u00a0\u00a0\u00a0\u00a0\u00a0\u00a0\u00a0\u00a0\u00a0\u00a0\u00a0\u00a0\u00a0\u00a0\u00a0\u00a0\u00a0\u00a0\u00a0\u00a0\u00a0\u00a0\u00a0\u00a0\u00a0\u00a0\u00a0\u00a0\u00a0\u00a0\u00a0\u00a0\u00a0\u00a0\u00a0\u00a0\u00a0\u00a0\u00a0\u00a0\u00a0\u00a0\u00a0\u00a0\u00a0\u00a0\u00a0\u00a0\u00a0\u00a0\u00a0\u00a0\u00a0\u00a0\u00a0\u00a0\u00a0\u00a0\u00a0\u00a0\u00a0\u00a0\u00a0\u00a0\u00a0\u00a0\u00a0\u00a0\u00a0\u00a0\u00a0\u00a0\u00a0\u00a0\u00a0\u00a0\u00a0\u00a0\u00a0\u00a0\u00a0\u00a0\u00a0\u00a0\u00a0\u00a0\u00a0\u00a0\u00a0 Fran\u00e7oise Gillot<\/em><\/span><\/p>\n<p class=\"Normal\">\u00a0<\/p>\n\n\n\n<p class=\"Normal tm6 tm7\" style=\"text-align: center;\">&nbsp;<\/p>\n<p class=\"Sansinterligne tm9\"><span style=\"color: #000000;\"><span class=\"tm10\">&nbsp;<\/span><\/span><\/p>\n<p class=\"Sansinterligne tm11\">&nbsp;<\/p>\n<p style=\"text-align: right;\">&nbsp;<\/p>\n<p class=\"Sansinterligne tm11\"><span style=\"color: #000000;\"><em><span class=\"tm13\">&nbsp;<\/span><\/em><\/span><span style=\"color: #000000;\"><em>&nbsp; &nbsp; &nbsp; &nbsp; &nbsp; &nbsp; &nbsp; &nbsp; &nbsp; &nbsp; &nbsp; &nbsp; &nbsp; &nbsp; &nbsp; &nbsp; &nbsp; &nbsp; &nbsp; &nbsp; &nbsp; &nbsp; &nbsp; &nbsp; &nbsp; &nbsp; &nbsp; &nbsp; &nbsp; &nbsp; &nbsp; &nbsp; &nbsp; &nbsp; &nbsp; &nbsp; &nbsp; &nbsp; &nbsp; &nbsp; &nbsp; &nbsp; &nbsp; &nbsp;<\/em><\/span><\/p>\n\n\n\n<p class=\"Sansinterligne tm11\"><span style=\"color: #000000;\"><em>\u00a0 \u00a0 \u00a0 \u00a0 \u00a0 \u00a0 \u00a0 \u00a0 \u00a0 \u00a0 \u00a0 \u00a0 \u00a0 \u00a0 \u00a0 \u00a0 \u00a0 \u00a0 \u00a0 \u00a0 \u00a0 \u00a0 \u00a0 \u00a0 \u00a0 \u00a0 \u00a0 \u00a0 \u00a0 \u00a0 \u00a0 \u00a0 \u00a0 \u00a0 \u00a0 \u00a0 \u00a0 \u00a0 \u00a0 \u00a0 \u00a0 \u00a0 \u00a0 \u00a0 \u00a0 \u00a0 \u00a0 \u00a0 \u00a0 \u00a0 \u00a0<\/em><\/span><\/p>\n<p class=\"Normal\">\u00a0<\/p>\n","protected":false},"excerpt":{"rendered":"<p>Le 4\u00e8me jeudi du mois, \u00e0 17h45, sauf entre la Toussaint et P\u00e2ques, \u00a0\u00ab\u00a0on ADORE chanter\u00a0\u00bb \u00e0 Flavigny. \u00a0Il ne s\u2019agit ni de r\u00e9p\u00e9ter, ni d\u2019apprendre des chants pour la messe du dimanche\u2026 \u00a0Il s\u2019agit : \u00a0\u00a0 \u00a0 \u00a0 &#8211; d\u2019ajuster nos voix les unes aux autres,\u00a0 \u00a0\u00a0\u00a0 &#8211; de redonner du sens aux paroles,\u00a0\u00a0\u00a0\u00a0\u00a0&hellip; <br \/> <a class=\"read-more\" href=\"https:\/\/paroisses-nancy-sud.fr\/HOME\/chanter-cest-prier\/\">Lire la suite<\/a><\/p>\n","protected":false},"author":6,"featured_media":0,"parent":0,"menu_order":0,"comment_status":"closed","ping_status":"closed","template":"","meta":[],"acf":[],"_links":{"self":[{"href":"https:\/\/paroisses-nancy-sud.fr\/HOME\/wp-json\/wp\/v2\/pages\/155"}],"collection":[{"href":"https:\/\/paroisses-nancy-sud.fr\/HOME\/wp-json\/wp\/v2\/pages"}],"about":[{"href":"https:\/\/paroisses-nancy-sud.fr\/HOME\/wp-json\/wp\/v2\/types\/page"}],"author":[{"embeddable":true,"href":"https:\/\/paroisses-nancy-sud.fr\/HOME\/wp-json\/wp\/v2\/users\/6"}],"replies":[{"embeddable":true,"href":"https:\/\/paroisses-nancy-sud.fr\/HOME\/wp-json\/wp\/v2\/comments?post=155"}],"version-history":[{"count":8,"href":"https:\/\/paroisses-nancy-sud.fr\/HOME\/wp-json\/wp\/v2\/pages\/155\/revisions"}],"predecessor-version":[{"id":4862,"href":"https:\/\/paroisses-nancy-sud.fr\/HOME\/wp-json\/wp\/v2\/pages\/155\/revisions\/4862"}],"wp:attachment":[{"href":"https:\/\/paroisses-nancy-sud.fr\/HOME\/wp-json\/wp\/v2\/media?parent=155"}],"curies":[{"name":"wp","href":"https:\/\/api.w.org\/{rel}","templated":true}]}}