{"id":156,"date":"2019-04-17T20:42:19","date_gmt":"2019-04-17T18:42:19","guid":{"rendered":"http:\/\/paroisses-nancy-sud.fr\/HOME\/?page_id=156"},"modified":"2022-07-28T10:54:08","modified_gmt":"2022-07-28T08:54:08","slug":"eveil-a-la-foi","status":"publish","type":"page","link":"https:\/\/paroisses-nancy-sud.fr\/HOME\/eveil-a-la-foi\/","title":{"rendered":"Eveil \u00e0 la foi"},"content":{"rendered":"\n<p><span style=\"color: #000000;\">La d\u00e9couverte de J\u00e9sus n&rsquo;est pas r\u00e9serv\u00e9e aux grands. C&rsquo;est possible d\u00e8s la maternelle, le CP et le CE1 : c&rsquo;est l&rsquo;\u00e9veil \u00e0 la foi.<\/span><\/p>\n<p><span style=\"color: #000000;\">les dimanches 2 octobre, 4 d\u00e9cembre, 5 mars et 4 juin \u00e0 10h00 \u00e0 Ludres.<br \/><\/span><\/p>\n<p><span style=\"color: #000000;\">Contact : Sophie Defrance : eveilalafoi@paroisses-nancy-sud.fr <\/span><\/p>\n<p><span style=\"color: #000000;\">L&rsquo;inscription se fait avec le m\u00eame formulaire que pour le <a href=\"https:\/\/paroisses-nancy-sud.fr\/HOME\/catechisme\/\">cat\u00e9chisme<\/a> ou aux permanences des paroisses.<br \/><\/span><\/p>\n\n\n","protected":false},"excerpt":{"rendered":"<p>La d\u00e9couverte de J\u00e9sus n&rsquo;est pas r\u00e9serv\u00e9e aux grands. C&rsquo;est possible d\u00e8s la maternelle, le CP et le CE1 : c&rsquo;est l&rsquo;\u00e9veil \u00e0 la foi. les dimanches 2 octobre, 4 d\u00e9cembre, 5 mars et 4 juin \u00e0 10h00 \u00e0 Ludres. Contact : Sophie Defrance : eveilalafoi@paroisses-nancy-sud.fr L&rsquo;inscription se fait avec le m\u00eame formulaire que pour&hellip; <br \/> <a class=\"read-more\" href=\"https:\/\/paroisses-nancy-sud.fr\/HOME\/eveil-a-la-foi\/\">Lire la suite<\/a><\/p>\n","protected":false},"author":2,"featured_media":759,"parent":0,"menu_order":0,"comment_status":"closed","ping_status":"closed","template":"","meta":[],"acf":[],"_links":{"self":[{"href":"https:\/\/paroisses-nancy-sud.fr\/HOME\/wp-json\/wp\/v2\/pages\/156"}],"collection":[{"href":"https:\/\/paroisses-nancy-sud.fr\/HOME\/wp-json\/wp\/v2\/pages"}],"about":[{"href":"https:\/\/paroisses-nancy-sud.fr\/HOME\/wp-json\/wp\/v2\/types\/page"}],"author":[{"embeddable":true,"href":"https:\/\/paroisses-nancy-sud.fr\/HOME\/wp-json\/wp\/v2\/users\/2"}],"replies":[{"embeddable":true,"href":"https:\/\/paroisses-nancy-sud.fr\/HOME\/wp-json\/wp\/v2\/comments?post=156"}],"version-history":[{"count":12,"href":"https:\/\/paroisses-nancy-sud.fr\/HOME\/wp-json\/wp\/v2\/pages\/156\/revisions"}],"predecessor-version":[{"id":2263,"href":"https:\/\/paroisses-nancy-sud.fr\/HOME\/wp-json\/wp\/v2\/pages\/156\/revisions\/2263"}],"wp:featuredmedia":[{"embeddable":true,"href":"https:\/\/paroisses-nancy-sud.fr\/HOME\/wp-json\/wp\/v2\/media\/759"}],"wp:attachment":[{"href":"https:\/\/paroisses-nancy-sud.fr\/HOME\/wp-json\/wp\/v2\/media?parent=156"}],"curies":[{"name":"wp","href":"https:\/\/api.w.org\/{rel}","templated":true}]}}