{"id":158,"date":"2019-04-17T20:42:19","date_gmt":"2019-04-17T18:42:19","guid":{"rendered":"http:\/\/paroisses-nancy-sud.fr\/HOME\/?page_id=158"},"modified":"2024-11-02T16:32:40","modified_gmt":"2024-11-02T15:32:40","slug":"aumonerie-college","status":"publish","type":"page","link":"https:\/\/paroisses-nancy-sud.fr\/HOME\/aumonerie-college\/","title":{"rendered":"Pastorale des jeunes"},"content":{"rendered":"\n<p><span style=\"color: #000000;\"><strong>Le groupe de pastorale des jeunes<\/strong>, <strong>AJC Nancy-Sud<\/strong> (aum\u00f4nerie des jeunes catholiques) accueille les jeunes de la 4<sup>\u00e8me<\/sup> \u00e0 la terminale habitant ou fr\u00e9quentant les paroisses Saint-Fran\u00e7ois-de-Sales, Sainte-Jeanne-de-Chantal et La-Visitation-sur-Moselle-et-Madon pour des temps de partage, de pri\u00e8re et d\u2019enseignement.<\/span><\/p>\n<p><span style=\"color: #000000;\">Contact et renseignements : <\/span><span style=\"color: #000000;\">Alexandre-Marie Valder <\/span><span style=\"color: #000000;\">\u00a0 \u00a0a<\/span><span style=\"color: #000000;\">vec aussi Louise Thiriet et Victorin Pierrot<\/span><\/p>\n<table style=\"height: 380px; width: 85.238%; border-collapse: collapse; border-style: solid;\">\n<tbody>\n<tr>\n<td style=\"width: 100%;\">\n<p><span style=\"text-decoration: underline; color: #000000;\"><strong>TEMPS FORTS :\u00a0<\/strong><\/span><\/p>\n<p><span style=\"color: #000000;\"><strong>\u00a0 \u00a0 \u00a0 TOUSSAINT \u00c0 TAIZ\u00c9<\/strong> : du 28 octobre au vendredi 1er novembre 2024, <\/span><span style=\"color: #000000;\">pour les jeunes de 15 ans et\u00a0 plus<\/span><br \/><span style=\"color: #000000;\"><strong>\u00a0 \u00a0 \u00a0JMJ DIOC\u00c9SAINE<\/strong> : pour tous les jeunes, dimanche 24 novembre 2024<\/span><\/p>\n<p><span style=\"color: #000000;\"><strong>\u00a0 \u00a0 \u00a0 <\/strong><\/span><span style=\"color: #000000;\"><strong>LA JOIE DU PARDON \u00e0 Jarville, le samedi 12 avril 2025,<\/strong> avec c\u00e9l\u00e9bration du pardon, en vue de P\u00e2ques<\/span><\/p>\n<p><span style=\"color: #000000;\"><strong>\u00a0 \u00a0 P\u00c8LERINAGE DE L&rsquo;ASCENSION \u00c0 SION, le jeudi 29 mai 2025,<\/strong> avec les trois paroisses du secteur Nancy-Sud<\/span><\/p>\n<p style=\"text-align: left;\"><span style=\"color: #000000;\"><strong>\u00a0 \u00a0 JOURNEE pour les 4\u00e8me &#8211; 3\u00e8me &#8211; 2nde du 16 au 18 mai 2025<\/strong><\/span><\/p>\n<\/td>\n<\/tr>\n<\/tbody>\n<\/table>\n<p>\u00a0<\/p>\n<p><br \/><br \/><\/p>\n<p>\u00a0<\/p>\n<p>\u00a0<\/p>\n<p>\u00a0<\/p>\n<p>\u00a0<\/p>\n","protected":false},"excerpt":{"rendered":"<p>Le groupe de pastorale des jeunes, AJC Nancy-Sud (aum\u00f4nerie des jeunes catholiques) accueille les jeunes de la 4\u00e8me \u00e0 la terminale habitant ou fr\u00e9quentant les paroisses Saint-Fran\u00e7ois-de-Sales, Sainte-Jeanne-de-Chantal et La-Visitation-sur-Moselle-et-Madon pour des temps de partage, de pri\u00e8re et d\u2019enseignement. Contact et renseignements : Alexandre-Marie Valder \u00a0 \u00a0avec aussi Louise Thiriet et Victorin Pierrot TEMPS FORTS&hellip; <br \/> <a class=\"read-more\" href=\"https:\/\/paroisses-nancy-sud.fr\/HOME\/aumonerie-college\/\">Lire la suite<\/a><\/p>\n","protected":false},"author":9,"featured_media":1301,"parent":0,"menu_order":0,"comment_status":"closed","ping_status":"closed","template":"","meta":[],"acf":[],"_links":{"self":[{"href":"https:\/\/paroisses-nancy-sud.fr\/HOME\/wp-json\/wp\/v2\/pages\/158"}],"collection":[{"href":"https:\/\/paroisses-nancy-sud.fr\/HOME\/wp-json\/wp\/v2\/pages"}],"about":[{"href":"https:\/\/paroisses-nancy-sud.fr\/HOME\/wp-json\/wp\/v2\/types\/page"}],"author":[{"embeddable":true,"href":"https:\/\/paroisses-nancy-sud.fr\/HOME\/wp-json\/wp\/v2\/users\/9"}],"replies":[{"embeddable":true,"href":"https:\/\/paroisses-nancy-sud.fr\/HOME\/wp-json\/wp\/v2\/comments?post=158"}],"version-history":[{"count":12,"href":"https:\/\/paroisses-nancy-sud.fr\/HOME\/wp-json\/wp\/v2\/pages\/158\/revisions"}],"predecessor-version":[{"id":4217,"href":"https:\/\/paroisses-nancy-sud.fr\/HOME\/wp-json\/wp\/v2\/pages\/158\/revisions\/4217"}],"wp:featuredmedia":[{"embeddable":true,"href":"https:\/\/paroisses-nancy-sud.fr\/HOME\/wp-json\/wp\/v2\/media\/1301"}],"wp:attachment":[{"href":"https:\/\/paroisses-nancy-sud.fr\/HOME\/wp-json\/wp\/v2\/media?parent=158"}],"curies":[{"name":"wp","href":"https:\/\/api.w.org\/{rel}","templated":true}]}}