{"id":160,"date":"2019-04-17T20:42:19","date_gmt":"2019-04-17T18:42:19","guid":{"rendered":"http:\/\/paroisses-nancy-sud.fr\/HOME\/?page_id=160"},"modified":"2021-08-30T15:59:50","modified_gmt":"2021-08-30T13:59:50","slug":"servants-de-messe","status":"publish","type":"page","link":"https:\/\/paroisses-nancy-sud.fr\/HOME\/servants-de-messe\/","title":{"rendered":"Servants de messe"},"content":{"rendered":"\n\n\n<div class=\"wp-block-image\"><figure class=\"aligncenter size-large is-resized\"><img decoding=\"async\" loading=\"lazy\" src=\"https:\/\/paroisses-nancy-sud.fr\/HOME\/wp-content\/uploads\/201011_Jose\u0301_35.jpeg\" alt=\"\" class=\"wp-image-1300\" width=\"338\" height=\"506\" srcset=\"https:\/\/paroisses-nancy-sud.fr\/HOME\/wp-content\/uploads\/201011_Jose\u0301_35.jpeg 427w, https:\/\/paroisses-nancy-sud.fr\/HOME\/wp-content\/uploads\/201011_Jose\u0301_35-200x300.jpeg 200w\" sizes=\"(max-width: 338px) 100vw, 338px\" \/><\/figure><\/div>\n\n\n\n<p><strong><span style=\"color: #000000;\">\u00a0<\/span><\/strong><strong><span style=\"color: #000000;\">Le groupe des servants d\u2019autel et servantes d\u2019assembl\u00e9e est fait pour toi.<\/span><\/strong><\/p>\n<p><span style=\"color: #000000;\">Tu es le\/la bienvenu(e) aux messes du samedi et du dimanche. Viens en avance pour te pr\u00e9senter au c\u00e9l\u00e9brant et te pr\u00e9parer.<\/span><\/p>\n<p><span style=\"color: #000000;\">Tu peux aussi indiquer \u00e0 tes cat\u00e9chistes ton d\u00e9sir de rejoindre le groupe des servants et servantes.<\/span><\/p>\n<p><span style=\"color: #000000;\">En cours d\u2019ann\u00e9e, les servants et servantes seront invit\u00e9s \u00e0 des temps communs de formation et de d\u00e9tente.<\/span><\/p>\n<p><span style=\"color: #000000;\"><em>Contact et renseignements<\/em> : <br \/><\/span><strong><span style=\"color: #000000;\">Alexandre-Marie Valder\u00a0<\/span><span style=\"color: #000000;\">\u00a0 \u00a0 amvalder@lilo.org\u00a0 \u00a0<\/span><span style=\"color: #000000;\">\u00a0 \u00a0 \u00a0 \u00a0 07.71.03.96.97<\/span><\/strong><\/p>\n<p><span style=\"color: #000000;\">\u00a0\u00a0\u00a0\u00a0\u00a0\u00a0\u00a0\u00a0\u00a0<\/span><\/p>\n\n\n","protected":false},"excerpt":{"rendered":"<p>\u00a0Le groupe des servants d\u2019autel et servantes d\u2019assembl\u00e9e est fait pour toi. Tu es le\/la bienvenu(e) aux messes du samedi et du dimanche. Viens en avance pour te pr\u00e9senter au c\u00e9l\u00e9brant et te pr\u00e9parer. Tu peux aussi indiquer \u00e0 tes cat\u00e9chistes ton d\u00e9sir de rejoindre le groupe des servants et servantes. En cours d\u2019ann\u00e9e, les&hellip; <br \/> <a class=\"read-more\" href=\"https:\/\/paroisses-nancy-sud.fr\/HOME\/servants-de-messe\/\">Lire la suite<\/a><\/p>\n","protected":false},"author":9,"featured_media":1300,"parent":0,"menu_order":0,"comment_status":"closed","ping_status":"closed","template":"","meta":[],"acf":[],"_links":{"self":[{"href":"https:\/\/paroisses-nancy-sud.fr\/HOME\/wp-json\/wp\/v2\/pages\/160"}],"collection":[{"href":"https:\/\/paroisses-nancy-sud.fr\/HOME\/wp-json\/wp\/v2\/pages"}],"about":[{"href":"https:\/\/paroisses-nancy-sud.fr\/HOME\/wp-json\/wp\/v2\/types\/page"}],"author":[{"embeddable":true,"href":"https:\/\/paroisses-nancy-sud.fr\/HOME\/wp-json\/wp\/v2\/users\/9"}],"replies":[{"embeddable":true,"href":"https:\/\/paroisses-nancy-sud.fr\/HOME\/wp-json\/wp\/v2\/comments?post=160"}],"version-history":[{"count":10,"href":"https:\/\/paroisses-nancy-sud.fr\/HOME\/wp-json\/wp\/v2\/pages\/160\/revisions"}],"predecessor-version":[{"id":4220,"href":"https:\/\/paroisses-nancy-sud.fr\/HOME\/wp-json\/wp\/v2\/pages\/160\/revisions\/4220"}],"wp:featuredmedia":[{"embeddable":true,"href":"https:\/\/paroisses-nancy-sud.fr\/HOME\/wp-json\/wp\/v2\/media\/1300"}],"wp:attachment":[{"href":"https:\/\/paroisses-nancy-sud.fr\/HOME\/wp-json\/wp\/v2\/media?parent=160"}],"curies":[{"name":"wp","href":"https:\/\/api.w.org\/{rel}","templated":true}]}}