{"id":163,"date":"2019-04-17T20:42:19","date_gmt":"2019-04-17T18:42:19","guid":{"rendered":"http:\/\/paroisses-nancy-sud.fr\/HOME\/?page_id=163"},"modified":"2021-03-14T15:45:18","modified_gmt":"2021-03-14T14:45:18","slug":"bapteme","status":"publish","type":"page","link":"https:\/\/paroisses-nancy-sud.fr\/HOME\/bapteme\/","title":{"rendered":"Demander le bapt\u00eame"},"content":{"rendered":"\n<p style=\"text-align: center;\"><strong><span style=\"color: #000000;\">\u00ab\u00a0Je te baptise au nom du P\u00e8re, et du Fils et du Saint Esprit.\u00a0\u00bb<\/span><\/strong><\/p>\n<p><span style=\"color: #000000;\">Le bapt\u00eame est le fondement de toute la vie chr\u00e9tienne, il ouvre la porte aux autres sacrements. Avec le bapt\u00eame, nous devenons fils de Dieu et membre du Christ. Nous faisons alors partie de l&rsquo;\u00c9glise.<\/span><\/p>\n<p><span style=\"color: #000000;\">Vous souhaitez que votre enfant re\u00e7oive le sacrement du bapt\u00eame. Nous sommes heureux de vous accueillir et de pr\u00e9parer avec vous ce grand jour. Vous participerez \u00e0 des rencontres avec d&rsquo;autres parents. Votre enfant sera pr\u00e9sent\u00e9 \u00e0 la communaut\u00e9 lors d&rsquo;une messe du dimanche.<\/span><\/p>\n<p><span style=\"color: #000000;\">Si votre enfant est plus grand, il participera \u00e0 des rencontres avec des enfants de son \u00e2ge (en maternelle, en primaire ou adolescents).<\/span><\/p>\n<p><span style=\"color: #000000;\">Comme la question du bapt\u00eame se pose \u00e0 tout \u00e2ge, si la demande vous concerne, vous pouvez rejoindre un groupe, \u00e0 Jarville ou \u00e0 Neuves-Maisons, pour vous pr\u00e9parer avec d&rsquo;autres adultes.<\/span><\/p>\n<p><span style=\"color: #000000;\">Dans tous les cas, vous pouvez prendre contact avec la paroisse lors d&rsquo;une <a href=\"https:\/\/paroisses-nancy-sud.fr\/HOME\/aux-permanences-daccueil\/\">permanence<\/a>.<\/span><\/p>\n","protected":false},"excerpt":{"rendered":"<p>\u00ab\u00a0Je te baptise au nom du P\u00e8re, et du Fils et du Saint Esprit.\u00a0\u00bb Le bapt\u00eame est le fondement de toute la vie chr\u00e9tienne, il ouvre la porte aux autres sacrements. Avec le bapt\u00eame, nous devenons fils de Dieu et membre du Christ. Nous faisons alors partie de l&rsquo;\u00c9glise. Vous souhaitez que votre enfant re\u00e7oive&hellip; <br \/> <a class=\"read-more\" href=\"https:\/\/paroisses-nancy-sud.fr\/HOME\/bapteme\/\">Lire la suite<\/a><\/p>\n","protected":false},"author":2,"featured_media":704,"parent":0,"menu_order":0,"comment_status":"closed","ping_status":"closed","template":"","meta":[],"acf":[],"_links":{"self":[{"href":"https:\/\/paroisses-nancy-sud.fr\/HOME\/wp-json\/wp\/v2\/pages\/163"}],"collection":[{"href":"https:\/\/paroisses-nancy-sud.fr\/HOME\/wp-json\/wp\/v2\/pages"}],"about":[{"href":"https:\/\/paroisses-nancy-sud.fr\/HOME\/wp-json\/wp\/v2\/types\/page"}],"author":[{"embeddable":true,"href":"https:\/\/paroisses-nancy-sud.fr\/HOME\/wp-json\/wp\/v2\/users\/2"}],"replies":[{"embeddable":true,"href":"https:\/\/paroisses-nancy-sud.fr\/HOME\/wp-json\/wp\/v2\/comments?post=163"}],"version-history":[{"count":3,"href":"https:\/\/paroisses-nancy-sud.fr\/HOME\/wp-json\/wp\/v2\/pages\/163\/revisions"}],"predecessor-version":[{"id":703,"href":"https:\/\/paroisses-nancy-sud.fr\/HOME\/wp-json\/wp\/v2\/pages\/163\/revisions\/703"}],"wp:featuredmedia":[{"embeddable":true,"href":"https:\/\/paroisses-nancy-sud.fr\/HOME\/wp-json\/wp\/v2\/media\/704"}],"wp:attachment":[{"href":"https:\/\/paroisses-nancy-sud.fr\/HOME\/wp-json\/wp\/v2\/media?parent=163"}],"curies":[{"name":"wp","href":"https:\/\/api.w.org\/{rel}","templated":true}]}}