{"id":165,"date":"2019-04-17T20:42:19","date_gmt":"2019-04-17T18:42:19","guid":{"rendered":"http:\/\/paroisses-nancy-sud.fr\/HOME\/?page_id=165"},"modified":"2021-03-14T15:47:00","modified_gmt":"2021-03-14T14:47:00","slug":"communion","status":"publish","type":"page","link":"https:\/\/paroisses-nancy-sud.fr\/HOME\/communion\/","title":{"rendered":"Communier"},"content":{"rendered":"\n<p style=\"text-align: center;\"><strong><span style=\"color: #000000;\">\u00ab\u00a0Prenez et mangez, ceci est mon Corps livr\u00e9 pour vous.\u00a0\u00bb<\/span><\/strong><\/p>\n<p style=\"text-align: left;\"><span style=\"color: #000000;\">Avec le bapt\u00eame et la confirmation, l&rsquo;Eucharistie est un sacrement de l&rsquo;initiation chr\u00e9tienne. Mais alors que les deux autres sacrements ne sont re\u00e7us qu&rsquo;une fois, la communion est r\u00e9p\u00e9t\u00e9e. Chaque baptis\u00e9 est invit\u00e9 \u00e0 recevoir la pr\u00e9sence r\u00e9elle du Christ ressuscit\u00e9.<\/span><\/p>\n<p style=\"text-align: left;\"><span style=\"color: #000000;\">Les enfants se pr\u00e9parent \u00e0 la premi\u00e8re communion dans le cadre du cat\u00e9chisme. Ils communient pour la premi\u00e8re fois apr\u00e8s deux ann\u00e9es de cat\u00e9ch\u00e8se. <\/span><br \/><span style=\"color: #000000;\">La meilleure des pr\u00e9parations reste la participation fr\u00e9quente et r\u00e9guli\u00e8re \u00e0 l&rsquo;Eucharistie. Accompagner r\u00e9guli\u00e8rement votre enfant \u00e0 la messe lui permettra de mieux comprendre et de vivre pleinement sa premi\u00e8re communion et les suivantes.<\/span><\/p>\n","protected":false},"excerpt":{"rendered":"<p>\u00ab\u00a0Prenez et mangez, ceci est mon Corps livr\u00e9 pour vous.\u00a0\u00bb Avec le bapt\u00eame et la confirmation, l&rsquo;Eucharistie est un sacrement de l&rsquo;initiation chr\u00e9tienne. Mais alors que les deux autres sacrements ne sont re\u00e7us qu&rsquo;une fois, la communion est r\u00e9p\u00e9t\u00e9e. Chaque baptis\u00e9 est invit\u00e9 \u00e0 recevoir la pr\u00e9sence r\u00e9elle du Christ ressuscit\u00e9. Les enfants se pr\u00e9parent&hellip; <br \/> <a class=\"read-more\" href=\"https:\/\/paroisses-nancy-sud.fr\/HOME\/communion\/\">Lire la suite<\/a><\/p>\n","protected":false},"author":2,"featured_media":76,"parent":0,"menu_order":0,"comment_status":"closed","ping_status":"closed","template":"","meta":[],"acf":[],"_links":{"self":[{"href":"https:\/\/paroisses-nancy-sud.fr\/HOME\/wp-json\/wp\/v2\/pages\/165"}],"collection":[{"href":"https:\/\/paroisses-nancy-sud.fr\/HOME\/wp-json\/wp\/v2\/pages"}],"about":[{"href":"https:\/\/paroisses-nancy-sud.fr\/HOME\/wp-json\/wp\/v2\/types\/page"}],"author":[{"embeddable":true,"href":"https:\/\/paroisses-nancy-sud.fr\/HOME\/wp-json\/wp\/v2\/users\/2"}],"replies":[{"embeddable":true,"href":"https:\/\/paroisses-nancy-sud.fr\/HOME\/wp-json\/wp\/v2\/comments?post=165"}],"version-history":[{"count":3,"href":"https:\/\/paroisses-nancy-sud.fr\/HOME\/wp-json\/wp\/v2\/pages\/165\/revisions"}],"predecessor-version":[{"id":2239,"href":"https:\/\/paroisses-nancy-sud.fr\/HOME\/wp-json\/wp\/v2\/pages\/165\/revisions\/2239"}],"wp:featuredmedia":[{"embeddable":true,"href":"https:\/\/paroisses-nancy-sud.fr\/HOME\/wp-json\/wp\/v2\/media\/76"}],"wp:attachment":[{"href":"https:\/\/paroisses-nancy-sud.fr\/HOME\/wp-json\/wp\/v2\/media?parent=165"}],"curies":[{"name":"wp","href":"https:\/\/api.w.org\/{rel}","templated":true}]}}