{"id":167,"date":"2019-04-17T20:42:19","date_gmt":"2019-04-17T18:42:19","guid":{"rendered":"http:\/\/paroisses-nancy-sud.fr\/HOME\/?page_id=167"},"modified":"2025-09-07T20:36:39","modified_gmt":"2025-09-07T18:36:39","slug":"sacrement-de-reconciliation","status":"publish","type":"page","link":"https:\/\/paroisses-nancy-sud.fr\/HOME\/sacrement-de-reconciliation\/","title":{"rendered":"Recevoir le sacrement de r\u00e9conciliation"},"content":{"rendered":"\n<p style=\"text-align: center;\"><strong><span style=\"color: #000000;\">\u00ab\u00a0Tout homme \u00e0 qui vous remettrez ses p\u00e9ch\u00e9s, ils lui seront remis.\u00a0\u00bb<\/span><\/strong><\/p>\n<p><span style=\"color: #000000;\">Ce sacrement est le signe de l&rsquo;amour infini de Dieu. Le pardon de Dieu est toujours possible, si nous faisons une d\u00e9marche vraiment sinc\u00e8re. En nous reconnaissant p\u00e9cheurs, nous croyons que l&rsquo;amour infini de Dieu est toujours le plus fort. Le dialogue avec un pr\u00eatre est le signe efficace de la r\u00e9conciliation avec Dieu et avec nos fr\u00e8res.<\/span><\/p>\n<p><span style=\"color: #000000;\">Un pr\u00eatre vous re\u00e7oit le vendredi de 10h00 \u00e0 11h00 dans l&rsquo;\u00e9glise de Neuves-Maisons et le vendredi de 18h00 \u00e0 19h00 dans la crypte, \u00e9glise de Jarville.<\/span><\/p>\n<p><span style=\"color: #000000;\">Pour les enfants, la pr\u00e9paration au sacrement de R\u00e9conciliation est effectu\u00e9e au cours de leur premi\u00e8re ann\u00e9e de cat\u00e9chisme. Le sacrement leur est ensuite r\u00e9guli\u00e8rement propos\u00e9 au cours des ann\u00e9es suivantes.<\/span><\/p>\n<p><em><span style=\"color: #000000;\">Si, dans un jardin, on veut que l\u2019herbe pousse, que les arbres et les fleurs s\u2019\u00e9panouissent, il faut l\u2019entretenir, et le d\u00e9barrasser des mauvaises herbes. Pour celui qui croit en Dieu, la confession, qu\u2019on appelle aujourd\u2019hui sacrement de la r\u00e9conciliation, c\u2019est comme se d\u00e9barrasser des mauvaises herbes pour cultiver son c\u0153ur. Cela nous permet de confier \u00e0 Dieu, par l\u2019interm\u00e9diaire d\u2019un pr\u00eatre, les mauvaises herbes que sont nos p\u00e9ch\u00e9s. Ces moments o\u00f9 nous n\u2019avons pas agi comme Dieu l\u2019aurait aim\u00e9, nos manques d\u2019amour, nos difficult\u00e9s. En demandant pardon \u00e0 Dieu, nous cherchons \u00e0 nous rapprocher de lui, \u00e0 nous r\u00e9concilier. Dieu est toujours pr\u00eat \u00e0 nous pardonner, \u00e0 nous aimer tels que nous sommes. M\u00eame si la d\u00e9marche n\u2019est pas facile, que l\u2019on soit enfant ou adulte, apr\u00e8s, on repart plus heureux.<\/span><\/em><\/p>\n<p style=\"text-align: right;\"><span style=\"color: #000000;\">Extrait du Coin des enfants, dans le suppl\u00e9ment de P\u00e9lerin.<\/span><\/p>\n<p><span style=\"color: #000000;\">Un peu de vocabulaire<\/span><br \/><span style=\"color: #000000;\">Le <span style=\"text-decoration: underline;\">p\u00e9ch\u00e9<\/span> est un manque d&rsquo;amour envers Dieu, envers son prochain et envers soi-m\u00eame. C&rsquo;est une action, ou une intention, voire une parole dite, en toute libert\u00e9, pour commettre le mal. Il entra\u00eene, pour celui qui l&rsquo;a commis, un \u00e9loignement de la justice et de la v\u00e9rit\u00e9. <\/span><br \/><span style=\"color: #000000;\">La <span style=\"text-decoration: underline;\">confession<\/span> est le nom traditionnel d\u00e9signant autrefois l&rsquo;ensemble du sacrement de p\u00e9nitence et de r\u00e9conciliation. En fait, la confession n&rsquo;est qu&rsquo;une partie du sacrement. Elle est cette reconnaissance de l&rsquo;amour fid\u00e8le de Dieu et de la rupture d&rsquo;alliance que notre attitude a occasionn\u00e9e.<\/span><br \/><span style=\"color: #000000;\">La <span style=\"text-decoration: underline;\">r\u00e9conciliation<\/span> est l&rsquo;acte gratuit par lequel Dieu pardonne au p\u00e9cheur repentant et le r\u00e9introduit dans sa paix, gr\u00e2ce au Christ mort et ressuscit\u00e9, en qui tous les p\u00e9ch\u00e9s sont pardonn\u00e9s. Depuis quelques ann\u00e9es, on parle plus volontiers de \u00ab\u00a0sacrement de r\u00e9conciliation\u00a0\u00bb \u00e0 propos de la confession.<\/span><br \/><span style=\"color: #000000;\">La <span style=\"text-decoration: underline;\">p\u00e9nitence<\/span> : \u00ab\u00a0Faire p\u00e9nitence\u00a0\u00bb, c&rsquo;est implorer le pardon de Dieu. Le mot s&rsquo;est peu \u00e0 peu confondu avec les diverses pratiques de p\u00e9nitence. Pour l&rsquo;essentiel, la p\u00e9nitence vise \u00e0 la r\u00e9paration de la faute commise. Elle est le signe de la \u00ab\u00a0conversion\u00a0\u00bb \u00e0 laquelle le Christ nous a tous appel\u00e9s : \u00ab\u00a0Convertissez-vous et croyez \u00e0 la Bonne Nouvelle\u00a0\u00bb (Mc 1, 15). <\/span><br \/><span style=\"color: #000000;\">La contrition d\u00e9signe l&rsquo;attitude de la personne qui reconna\u00eet avoir mal agi, regrette d&rsquo;avoir bless\u00e9 l&rsquo;amour des autres et de Dieu. Cette attitude conduit \u00e0 vouloir changer sa mani\u00e8re de penser et de vivre, et \u00e0 r\u00e9parer les dommages caus\u00e9s aux autres et \u00e0 soi-m\u00eame. <\/span><br \/><span style=\"color: #000000;\">L&rsquo;<span style=\"text-decoration: underline;\">absolution<\/span> : Le pr\u00eatre \u00ab\u00a0remet en route\u00a0\u00bb la personne lorsqu&rsquo;il pardonne les p\u00e9ch\u00e9s, au nom du Christ. Le pardon permet de renouer avec Dieu les liens rompus par le p\u00e9ch\u00e9. Dans cet acte sont engag\u00e9s le pr\u00eatre qui donne l&rsquo;absolution et le p\u00e9nitent qui manifestera ensuite, dans sa vie, les fruits du pardon.<\/span><\/p>\n","protected":false},"excerpt":{"rendered":"<p>\u00ab\u00a0Tout homme \u00e0 qui vous remettrez ses p\u00e9ch\u00e9s, ils lui seront remis.\u00a0\u00bb Ce sacrement est le signe de l&rsquo;amour infini de Dieu. Le pardon de Dieu est toujours possible, si nous faisons une d\u00e9marche vraiment sinc\u00e8re. En nous reconnaissant p\u00e9cheurs, nous croyons que l&rsquo;amour infini de Dieu est toujours le plus fort. Le dialogue avec&hellip; <br \/> <a class=\"read-more\" href=\"https:\/\/paroisses-nancy-sud.fr\/HOME\/sacrement-de-reconciliation\/\">Lire la suite<\/a><\/p>\n","protected":false},"author":2,"featured_media":0,"parent":0,"menu_order":0,"comment_status":"closed","ping_status":"closed","template":"","meta":[],"acf":[],"_links":{"self":[{"href":"https:\/\/paroisses-nancy-sud.fr\/HOME\/wp-json\/wp\/v2\/pages\/167"}],"collection":[{"href":"https:\/\/paroisses-nancy-sud.fr\/HOME\/wp-json\/wp\/v2\/pages"}],"about":[{"href":"https:\/\/paroisses-nancy-sud.fr\/HOME\/wp-json\/wp\/v2\/types\/page"}],"author":[{"embeddable":true,"href":"https:\/\/paroisses-nancy-sud.fr\/HOME\/wp-json\/wp\/v2\/users\/2"}],"replies":[{"embeddable":true,"href":"https:\/\/paroisses-nancy-sud.fr\/HOME\/wp-json\/wp\/v2\/comments?post=167"}],"version-history":[{"count":5,"href":"https:\/\/paroisses-nancy-sud.fr\/HOME\/wp-json\/wp\/v2\/pages\/167\/revisions"}],"predecessor-version":[{"id":4892,"href":"https:\/\/paroisses-nancy-sud.fr\/HOME\/wp-json\/wp\/v2\/pages\/167\/revisions\/4892"}],"wp:attachment":[{"href":"https:\/\/paroisses-nancy-sud.fr\/HOME\/wp-json\/wp\/v2\/media?parent=167"}],"curies":[{"name":"wp","href":"https:\/\/api.w.org\/{rel}","templated":true}]}}