{"id":168,"date":"2019-04-17T20:42:19","date_gmt":"2019-04-17T18:42:19","guid":{"rendered":"http:\/\/paroisses-nancy-sud.fr\/HOME\/?page_id=168"},"modified":"2021-03-14T16:08:24","modified_gmt":"2021-03-14T15:08:24","slug":"sacrement-des-malades","status":"publish","type":"page","link":"https:\/\/paroisses-nancy-sud.fr\/HOME\/sacrement-des-malades\/","title":{"rendered":"Recevoir le sacrement des malades"},"content":{"rendered":"\n<p style=\"text-align: center;\"><span style=\"color: #000000;\"><strong>\u00ab\u00a0L\u2019un de vous est malade ? <\/strong><\/span><br \/><span style=\"color: #000000;\"><strong>Qu\u2019il appelle les Anciens en fonction dans l\u2019\u00c9glise : <\/strong><\/span><br \/><span style=\"color: #000000;\"><strong>ils prieront sur lui apr\u00e8s lui avoir fait une onction d\u2019huile au nom du Seigneur. \u00ab\u00a0<\/strong><\/span><br \/><span style=\"color: #000000;\">Lettre de saint Jacques 5, 13<\/span><\/p>\n<p><span style=\"color: #000000;\">Le sacrement des malades est le sacrement de la pr\u00e9sence du Seigneur \u00e0 nos c\u00f4t\u00e9s. Ce sacrement s&rsquo;adresse aux fid\u00e8les dont la sant\u00e9 commence \u00e0 \u00eatre dangereusement atteinte par la maladie ou la vieillesse, aux malades au moment o\u00f9 la maladie devient une \u00e9preuve difficile \u00e0 supporter, \u00e0 ceux qui vont subir une op\u00e9ration s\u00e9rieuse et aux personnes \u00e2g\u00e9es dont les forces d\u00e9clinent beaucoup. L&rsquo;onction des malades ne remplace en aucun cas les soins m\u00e9dicaux.<\/span><\/p>\n<p><span style=\"color: #000000;\">Le sacrement peut \u00eatre donn\u00e9 \u00e0 tout \u00e2ge, plusieurs fois dans la vie. Ce sacrement n&rsquo;est pas r\u00e9serv\u00e9 aux derniers moments de la vie. La c\u00e9l\u00e9bration de ce sacrement consiste en l&rsquo;onction d&rsquo;huile sainte et en l&rsquo;imposition des mains.\u00a0<\/span><\/p>\n<p><span style=\"color: #000000;\">Pour demander ce sacrement, vous pouvez prendre contact avec l&rsquo;un des <a href=\"https:\/\/paroisses-nancy-sud.fr\/HOME\/les-pretres-et-les-diacres\/\">pr\u00eatres<\/a> du secteur, avec les membres du <a href=\"https:\/\/paroisses-nancy-sud.fr\/HOME\/sem\/\">Service de l&rsquo;\u00c9vangile pour les Malades<\/a> ou vous adresser \u00e0 une <a href=\"https:\/\/paroisses-nancy-sud.fr\/HOME\/aux-permanences-daccueil\/\">permanence<\/a>.<\/span><\/p>\n","protected":false},"excerpt":{"rendered":"<p>\u00ab\u00a0L\u2019un de vous est malade ? Qu\u2019il appelle les Anciens en fonction dans l\u2019\u00c9glise : ils prieront sur lui apr\u00e8s lui avoir fait une onction d\u2019huile au nom du Seigneur. \u00ab\u00a0Lettre de saint Jacques 5, 13 Le sacrement des malades est le sacrement de la pr\u00e9sence du Seigneur \u00e0 nos c\u00f4t\u00e9s. Ce sacrement s&rsquo;adresse aux&hellip; <br \/> <a class=\"read-more\" href=\"https:\/\/paroisses-nancy-sud.fr\/HOME\/sacrement-des-malades\/\">Lire la suite<\/a><\/p>\n","protected":false},"author":2,"featured_media":0,"parent":0,"menu_order":0,"comment_status":"closed","ping_status":"closed","template":"","meta":[],"acf":[],"_links":{"self":[{"href":"https:\/\/paroisses-nancy-sud.fr\/HOME\/wp-json\/wp\/v2\/pages\/168"}],"collection":[{"href":"https:\/\/paroisses-nancy-sud.fr\/HOME\/wp-json\/wp\/v2\/pages"}],"about":[{"href":"https:\/\/paroisses-nancy-sud.fr\/HOME\/wp-json\/wp\/v2\/types\/page"}],"author":[{"embeddable":true,"href":"https:\/\/paroisses-nancy-sud.fr\/HOME\/wp-json\/wp\/v2\/users\/2"}],"replies":[{"embeddable":true,"href":"https:\/\/paroisses-nancy-sud.fr\/HOME\/wp-json\/wp\/v2\/comments?post=168"}],"version-history":[{"count":4,"href":"https:\/\/paroisses-nancy-sud.fr\/HOME\/wp-json\/wp\/v2\/pages\/168\/revisions"}],"predecessor-version":[{"id":717,"href":"https:\/\/paroisses-nancy-sud.fr\/HOME\/wp-json\/wp\/v2\/pages\/168\/revisions\/717"}],"wp:attachment":[{"href":"https:\/\/paroisses-nancy-sud.fr\/HOME\/wp-json\/wp\/v2\/media?parent=168"}],"curies":[{"name":"wp","href":"https:\/\/api.w.org\/{rel}","templated":true}]}}