{"id":169,"date":"2021-06-07T15:52:00","date_gmt":"2021-06-07T13:52:00","guid":{"rendered":"http:\/\/paroisses-nancy-sud.fr\/HOME\/?page_id=169"},"modified":"2024-11-02T17:04:24","modified_gmt":"2024-11-02T16:04:24","slug":"funerailles","status":"publish","type":"page","link":"https:\/\/paroisses-nancy-sud.fr\/HOME\/funerailles\/","title":{"rendered":"Vous accompagner dans le deuil"},"content":{"rendered":"\n<p style=\"text-align: center;\"><span style=\"color: #000000;\"><strong>\u00ab\u00a0Je ne meurs pas, j&rsquo;entre dans la vie.\u00a0\u00bb<\/strong><br \/><em>Sainte Th\u00e9r\u00e8se de l&rsquo;enfant J\u00e9sus.<\/em><\/span><\/p>\n<p><span style=\"color: #000000;\">A travers la c\u00e9l\u00e9bration des fun\u00e9railles, les chr\u00e9tiens veulent accueillir dans la foi et l&rsquo;esp\u00e9rance l&rsquo;\u00e9v\u00e9nement de la mort et du deuil qu&rsquo;elle entra\u00eene. <br \/>La communaut\u00e9 paroissiale s&rsquo;associe \u00e0 la peine de la famille et t\u00e9moigne de sa solidarit\u00e9.<\/span><\/p>\n<p><span style=\"color: #000000;\">Des la\u00efcs mandat\u00e9s et form\u00e9s ou les pr\u00eatres aident les familles dans cette \u00e9preuve.<\/span><\/p>\n<p><span style=\"color: #000000;\">Ils entrent en contact avec les familles afin d&rsquo;organiser le temps de rencontre qui permettra d&rsquo;\u00e9changer et de pr\u00e9parer la c\u00e9l\u00e9bration. <br \/>C&rsquo;est lors de cette r\u00e9union que sont abord\u00e9s les moments forts de la vie du d\u00e9funt qui seront partag\u00e9s lors de la c\u00e9l\u00e9bration et que sont d\u00e9finis les lectures et chants retenus pour les fun\u00e9railles.<\/span><\/p>\n<p><span style=\"color: #000000;\">Il est propos\u00e9 \u00e0 la famille d&rsquo;assister le dimanche qui suit \u00e0 la messe dominicale qui sera dite \u00e0 l&rsquo;intention du d\u00e9funt et de sa famille.<\/span><\/p>\n<p><span style=\"color: #000000;\">Les membres de l&rsquo;\u00e9quipe fun\u00e9railles de <strong>Saint-Fran\u00e7ois-de-Sales<\/strong> sont\u00a0 Mme Nelly Couriot, Mme Mich\u00e8le Cazarr\u00e9, et M. Patrice Dassi. Ils sont second\u00e9s par Georges Herriot, Bernard Othenin et Huguette Thiebaut.<\/span><\/p>\n<p><span style=\"color: #000000;\">Les membres de l&rsquo;\u00e9quipe fun\u00e9railles de <strong>Sainte-Jeanne-de-Chantal<\/strong> sont M. Bernard G\u00e9rardin, Mme Fran\u00e7oise Gillot, Mme Monique Jacques, M. Xavier Letailleur. Ils sont second\u00e9s par mesdames Betty\u00a0 Bernard, Jacqueline Boulanger, Bernadette Hinsinger, , Marie-Th\u00e9r\u00e8se St\u00e9venin .<\/span><\/p>\n","protected":false},"excerpt":{"rendered":"<p>\u00ab\u00a0Je ne meurs pas, j&rsquo;entre dans la vie.\u00a0\u00bbSainte Th\u00e9r\u00e8se de l&rsquo;enfant J\u00e9sus. A travers la c\u00e9l\u00e9bration des fun\u00e9railles, les chr\u00e9tiens veulent accueillir dans la foi et l&rsquo;esp\u00e9rance l&rsquo;\u00e9v\u00e9nement de la mort et du deuil qu&rsquo;elle entra\u00eene. La communaut\u00e9 paroissiale s&rsquo;associe \u00e0 la peine de la famille et t\u00e9moigne de sa solidarit\u00e9. Des la\u00efcs mandat\u00e9s et&hellip; <br \/> <a class=\"read-more\" href=\"https:\/\/paroisses-nancy-sud.fr\/HOME\/funerailles\/\">Lire la suite<\/a><\/p>\n","protected":false},"author":6,"featured_media":0,"parent":0,"menu_order":0,"comment_status":"closed","ping_status":"closed","template":"","meta":[],"acf":[],"_links":{"self":[{"href":"https:\/\/paroisses-nancy-sud.fr\/HOME\/wp-json\/wp\/v2\/pages\/169"}],"collection":[{"href":"https:\/\/paroisses-nancy-sud.fr\/HOME\/wp-json\/wp\/v2\/pages"}],"about":[{"href":"https:\/\/paroisses-nancy-sud.fr\/HOME\/wp-json\/wp\/v2\/types\/page"}],"author":[{"embeddable":true,"href":"https:\/\/paroisses-nancy-sud.fr\/HOME\/wp-json\/wp\/v2\/users\/6"}],"replies":[{"embeddable":true,"href":"https:\/\/paroisses-nancy-sud.fr\/HOME\/wp-json\/wp\/v2\/comments?post=169"}],"version-history":[{"count":12,"href":"https:\/\/paroisses-nancy-sud.fr\/HOME\/wp-json\/wp\/v2\/pages\/169\/revisions"}],"predecessor-version":[{"id":4231,"href":"https:\/\/paroisses-nancy-sud.fr\/HOME\/wp-json\/wp\/v2\/pages\/169\/revisions\/4231"}],"wp:attachment":[{"href":"https:\/\/paroisses-nancy-sud.fr\/HOME\/wp-json\/wp\/v2\/media?parent=169"}],"curies":[{"name":"wp","href":"https:\/\/api.w.org\/{rel}","templated":true}]}}