{"id":29,"date":"2019-04-17T19:10:37","date_gmt":"2019-04-17T17:10:37","guid":{"rendered":"http:\/\/paroisses-nancy-sud.fr\/HOME\/?page_id=29"},"modified":"2021-11-20T19:18:15","modified_gmt":"2021-11-20T18:18:15","slug":"secours-catholique","status":"publish","type":"page","link":"https:\/\/paroisses-nancy-sud.fr\/HOME\/secours-catholique\/","title":{"rendered":"Secours catholique"},"content":{"rendered":"\n<p>\u00a0<\/p>\n<p class=\"Standard\"><span style=\"color: #000000;\"><strong><span class=\"tm9\">A Jarville<\/span><\/strong><span class=\"tm10\">, le secours catholique a <\/span><strong><span class=\"tm9\">un accueil et un vestiaire<\/span><\/strong><span class=\"tm10\">, rue des Forges de l&rsquo;Est, pour nos deux paroisses, Saint Fran\u00e7ois-de-Sales et Sainte Jeanne-de-Chantal.\u00a0 <\/span><\/span><\/p>\n<p class=\"Standard\"><span style=\"color: #000000;\"><span class=\"tm10\">Trois b\u00e9n\u00e9voles re\u00e7oivent les <\/span><strong><span class=\"tm9\">mardi et vendredi apr\u00e8s-midi (14 h &#8211; 16 h 30)<\/span><\/strong><span class=\"tm10\">. <\/span><span class=\"tm10\">Elles aimeraient\u00a0renforcer l&rsquo;\u00e9quipe. <\/span><\/span><\/p>\n<p class=\"Standard\"><span style=\"color: #000000;\"><span class=\"tm10\">Secours Catholique des Hauts-de-Lorraine, domaine de l&rsquo;Asn\u00e9e, 11 rue de Laxou, 54600 Villers-les-Nancy\u00a0: <br \/><\/span><u><a style=\"color: #000000;\" href=\"mailto:hautsdelorraine@secours-catholique.org\"><span class=\"tm10\">hautsdelorraine@secours-catholique.org<\/span><\/a><\/u><span class=\"tm10\"> <br \/><\/span><span class=\"tm10\">t\u00e9l. 03 83 90 99 58.<\/span><\/span><\/p>\n","protected":false},"excerpt":{"rendered":"<p>\u00a0 A Jarville, le secours catholique a un accueil et un vestiaire, rue des Forges de l&rsquo;Est, pour nos deux paroisses, Saint Fran\u00e7ois-de-Sales et Sainte Jeanne-de-Chantal.\u00a0 Trois b\u00e9n\u00e9voles re\u00e7oivent les mardi et vendredi apr\u00e8s-midi (14 h &#8211; 16 h 30). Elles aimeraient\u00a0renforcer l&rsquo;\u00e9quipe. Secours Catholique des Hauts-de-Lorraine, domaine de l&rsquo;Asn\u00e9e, 11 rue de Laxou, 54600&hellip; <br \/> <a class=\"read-more\" href=\"https:\/\/paroisses-nancy-sud.fr\/HOME\/secours-catholique\/\">Lire la suite<\/a><\/p>\n","protected":false},"author":1,"featured_media":0,"parent":0,"menu_order":0,"comment_status":"closed","ping_status":"closed","template":"","meta":[],"acf":[],"_links":{"self":[{"href":"https:\/\/paroisses-nancy-sud.fr\/HOME\/wp-json\/wp\/v2\/pages\/29"}],"collection":[{"href":"https:\/\/paroisses-nancy-sud.fr\/HOME\/wp-json\/wp\/v2\/pages"}],"about":[{"href":"https:\/\/paroisses-nancy-sud.fr\/HOME\/wp-json\/wp\/v2\/types\/page"}],"author":[{"embeddable":true,"href":"https:\/\/paroisses-nancy-sud.fr\/HOME\/wp-json\/wp\/v2\/users\/1"}],"replies":[{"embeddable":true,"href":"https:\/\/paroisses-nancy-sud.fr\/HOME\/wp-json\/wp\/v2\/comments?post=29"}],"version-history":[{"count":3,"href":"https:\/\/paroisses-nancy-sud.fr\/HOME\/wp-json\/wp\/v2\/pages\/29\/revisions"}],"predecessor-version":[{"id":1594,"href":"https:\/\/paroisses-nancy-sud.fr\/HOME\/wp-json\/wp\/v2\/pages\/29\/revisions\/1594"}],"wp:attachment":[{"href":"https:\/\/paroisses-nancy-sud.fr\/HOME\/wp-json\/wp\/v2\/media?parent=29"}],"curies":[{"name":"wp","href":"https:\/\/api.w.org\/{rel}","templated":true}]}}