{"id":41,"date":"2019-04-17T19:12:25","date_gmt":"2019-04-17T17:12:25","guid":{"rendered":"http:\/\/paroisses-nancy-sud.fr\/HOME\/?page_id=41"},"modified":"2024-11-02T17:09:26","modified_gmt":"2024-11-02T16:09:26","slug":"aci","status":"publish","type":"page","link":"https:\/\/paroisses-nancy-sud.fr\/HOME\/aci\/","title":{"rendered":"Action Catholique des milieux ind\u00e9pendants"},"content":{"rendered":"\n<p><span style=\"text-decoration: underline;\"><strong><span style=\"color: #000000; text-decoration: underline;\">Pr\u00e9sentation de l\u2019ACI (Action catholique des milieux ind\u00e9pendants) :\u00a0<\/span><\/strong><\/span><\/p>\n<p><span style=\"color: #000000;\">L\u2019ACI est un mouvement de la\u00efcs, de dimension nationale et internationale, pr\u00e9sent <\/span><span style=\"color: #000000;\">sur notre dioc\u00e8se et notre paroisse.<\/span><br \/><span style=\"color: #000000;\">Ce mouvement accueille tous ceux qui cherchent \u00e0 approfondir le sens de leur vie, <\/span><span style=\"color: #000000;\">quelque soit leur chemin de foi.<\/span><\/p>\n<p><span style=\"color: #000000;\">Nos \u00e9quipes sont compos\u00e9es d\u2019hommes, femmes, seuls ou en couples, actifs et <\/span><span style=\"color: #000000;\">retrait\u00e9s, issus de milieux socioprofessionnels tr\u00e8s divers. La diversit\u00e9 des opinions, des situations familiales , des engagements font la richesse de notre mouvement. En \u00e9quipe ,en toute confiance, nous regardons et accueillons le monde tel qu\u2019il est, nous observons nos responsabilit\u00e9s familiales, sociales, associatives et professionnelles, nous relisons notre vie, nous discernons jusqu\u2019\u00e0 transformer nos <\/span><span style=\"color: #000000;\">regards et nos fa\u00e7ons de vivre notre foi.<\/span><\/p>\n<p><span style=\"color: #000000;\">Au-del\u00e0 de l\u2019\u00e9quipe le territoire propose des temps forts : Journ\u00e9e de sensibilisation \u00e0 <\/span><span style=\"color: #000000;\">la communication non violente, matin\u00e9e autour des P\u00e8lerins d\u2019 Emma\u00fcs et Arcabas, <\/span><span style=\"color: #000000;\">journ\u00e9e sur le th\u00e8me de l\u2019hospitalit\u00e9, la bio\u00e9thique, les \u00e9lections pr\u00e9sidentielles, \u2026.<\/span><\/p>\n<p><span style=\"color: #000000;\">L\u2019\u00e9quipe nationale invite aussi \u00e0 des rassemblements comme par exemple, cette ann\u00e9e <\/span><span style=\"color: #000000;\">une universit\u00e9 d\u2019\u00e9t\u00e9 \u00e0 Dijon sur \u00ab le sens de nos engagements \u00bb. Pour nous permettre cette respiration autour de notre relecture de vie, le mouvement nous propose des th\u00e8mes annuels autour desquels s\u2019amorceront les partages.<\/span><\/p>\n<p><span style=\"color: #000000;\"><strong>Le th\u00e8me d\u2019ann\u00e9e 2024-2025 \u00ab Artisans d&rsquo;humanit\u00e9 aujourd&rsquo;hui\u00a0! \u00bb<\/strong><\/span><br \/><span style=\"color: #000000;\">Si vous avez envie de tenter l\u2019exp\u00e9rience n\u2019h\u00e9sitez pas \u00e0 nous contacter et\/ou \u00e0 <\/span><span style=\"color: #000000;\">d\u00e9couvrir le site national Site national : <a style=\"color: #000000;\" href=\"https:\/\/www.acifrance.com\/\">www.acifrance.com<\/a>\u00a0\u00a0<\/span><br \/><span style=\"color: #000000;\"><em>Contact local<\/em> : Emmanuelle SEBALD-KUBLER famille.sebald.kubler@gmail.com<\/span><\/p>\n","protected":false},"excerpt":{"rendered":"<p>Pr\u00e9sentation de l\u2019ACI (Action catholique des milieux ind\u00e9pendants) :\u00a0 L\u2019ACI est un mouvement de la\u00efcs, de dimension nationale et internationale, pr\u00e9sent sur notre dioc\u00e8se et notre paroisse.Ce mouvement accueille tous ceux qui cherchent \u00e0 approfondir le sens de leur vie, quelque soit leur chemin de foi. Nos \u00e9quipes sont compos\u00e9es d\u2019hommes, femmes, seuls ou en&hellip; <br \/> <a class=\"read-more\" href=\"https:\/\/paroisses-nancy-sud.fr\/HOME\/aci\/\">Lire la suite<\/a><\/p>\n","protected":false},"author":1,"featured_media":0,"parent":0,"menu_order":0,"comment_status":"closed","ping_status":"closed","template":"","meta":[],"acf":[],"_links":{"self":[{"href":"https:\/\/paroisses-nancy-sud.fr\/HOME\/wp-json\/wp\/v2\/pages\/41"}],"collection":[{"href":"https:\/\/paroisses-nancy-sud.fr\/HOME\/wp-json\/wp\/v2\/pages"}],"about":[{"href":"https:\/\/paroisses-nancy-sud.fr\/HOME\/wp-json\/wp\/v2\/types\/page"}],"author":[{"embeddable":true,"href":"https:\/\/paroisses-nancy-sud.fr\/HOME\/wp-json\/wp\/v2\/users\/1"}],"replies":[{"embeddable":true,"href":"https:\/\/paroisses-nancy-sud.fr\/HOME\/wp-json\/wp\/v2\/comments?post=41"}],"version-history":[{"count":5,"href":"https:\/\/paroisses-nancy-sud.fr\/HOME\/wp-json\/wp\/v2\/pages\/41\/revisions"}],"predecessor-version":[{"id":4234,"href":"https:\/\/paroisses-nancy-sud.fr\/HOME\/wp-json\/wp\/v2\/pages\/41\/revisions\/4234"}],"wp:attachment":[{"href":"https:\/\/paroisses-nancy-sud.fr\/HOME\/wp-json\/wp\/v2\/media?parent=41"}],"curies":[{"name":"wp","href":"https:\/\/api.w.org\/{rel}","templated":true}]}}