{"id":478,"date":"2020-11-21T20:04:47","date_gmt":"2020-11-21T19:04:47","guid":{"rendered":"https:\/\/paroisses-nancy-sud.fr\/HOME\/?page_id=478"},"modified":"2025-07-12T15:54:49","modified_gmt":"2025-07-12T13:54:49","slug":"aux-permanences-daccueil","status":"publish","type":"page","link":"https:\/\/paroisses-nancy-sud.fr\/HOME\/aux-permanences-daccueil\/","title":{"rendered":"Aux permanences d&rsquo;accueil"},"content":{"rendered":"\n<p><span style=\"color: #000000;\">Pour faire connaissance ou trouver des r\u00e9ponses \u00e0 vos questions, vous pouvez vous pr\u00e9senter aux permanences d&rsquo;accueil.<\/span><\/p>\n<p><span style=\"text-decoration: underline; color: #000000;\"><strong>Paroisse Saint-Fran\u00e7ois-de-Sales\u00a0<\/strong><\/span><\/p>\n<ul>\n<li><span style=\"color: #000000;\"><strong>Jarville<\/strong> \u00e9glise du Sacr\u00e9-C\u0153ur<\/span><\/li>\n<li><span style=\"color: #000000;\"><strong>Laneuveville<\/strong> \u00e9glise Notre Dame de l\u2019Assomption<\/span><\/li>\n<li><span style=\"color: #000000;\"><strong>Fl\u00e9ville<\/strong> \u00e9glise Saint Pancrace<\/span><\/li>\n<\/ul>\n<p><span style=\"color: #000000;\"><span style=\"text-decoration: underline;\"><em>Permanence<\/em>\u00a0 : <br \/><\/span>Le mardi, jeudi et samedi de 10h00 \u00e0 12h00 au presbyt\u00e8re de Jarville, <\/span><span style=\"color: #000000;\">104 rue de la R\u00e9publique 54140 Jarville la Malgrange (b\u00e2timent \u00e0 gauche de l&rsquo;\u00e9glise) , <\/span><span style=\"color: #000000;\">tel : 03.83.51.34.05\u00a0 (uniquement le samedi, pendant les vacances d&rsquo;\u00e9t\u00e9)<\/span><br \/><span style=\"color: #000000;\">mail : secretariat.sfs@paroisses-nancy-sud.fr<\/span><\/p>\n<p><span style=\"text-decoration: underline; color: #000000;\"><strong>Paroisse Sainte-Jeanne-de-Chantal<\/strong><\/span><\/p>\n<ul>\n<li><span style=\"color: #000000;\"><strong>Heillecourt<\/strong> \u00e9glise des Saints Anges Gardiens<\/span><\/li>\n<li><span style=\"color: #000000;\"><strong>Flavigny<\/strong> \u00e9glise Saint Firmin<\/span><\/li>\n<li><span style=\"color: #000000;\"><strong>Ludres<\/strong> \u00e9glise Saint Epvre\u00a0<\/span><\/li>\n<li><span style=\"color: #000000;\"><strong>Richarm\u00e9nil<\/strong> \u00e9glise Saint Georges\u00a0<\/span><\/li>\n<\/ul>\n<p><span style=\"color: #000000;\"><span style=\"text-decoration: underline;\"><em>Permanence<\/em> :<br \/><\/span>le samedi de 10h00 \u00e0 12h00 \u00e0 la maison paroissiale de Ludres, <\/span><span style=\"color: #000000;\">109 rue de l&rsquo;\u00e9glise 54710 Ludres (en face de l&rsquo;\u00e9glise), tel : <\/span><span style=\"color: #000000;\">03.83.56.11.52<\/span><br \/><span style=\"color: #000000;\">mail : secretariat.sjc@paroisses-nancy-sud.fr<\/span><\/p>\n<p><span style=\"text-decoration: underline; color: #000000;\"><strong>Paroisse de la Visitation sur Moselle et Madon<\/strong><\/span><\/p>\n<ul>\n<li><span style=\"color: #000000;\"><strong>Autrey,<\/strong> \u00e9glise de La Nativit\u00e9 de la VIERGE<\/span><\/li>\n<li><span style=\"color: #000000;\"><strong>Bainville-sur-Madon<\/strong>, \u00e9glise SAINT MARTIN <\/span><\/li>\n<li><span style=\"color: #000000;\"><strong>Chaligny<\/strong>, \u00e9glise SAINT R\u00c9MI<\/span><\/li>\n<li><span style=\"color: #000000;\"><strong>Chavigny,<\/strong> \u00e9glise SAINT BLAISE<\/span><\/li>\n<li><span style=\"color: #000000;\"><strong>Frolois,<\/strong> \u00e9glise SAINT MARTIN<\/span><\/li>\n<li><span style=\"color: #000000;\"><strong>Maizi\u00e8res<\/strong>, \u00e9glise de La Nativit\u00e9 de la VIERGE <\/span><\/li>\n<li><span style=\"color: #000000;\"><strong>Marthemont<\/strong>, \u00e9glise NOTRE DAME de Recouvrance <\/span><\/li>\n<li><span style=\"color: #000000;\"><strong>Maron<\/strong>, \u00e9glise SAINT GENGOULT <\/span><\/li>\n<li><span style=\"color: #000000;\"><strong>M\u00e9r\u00e9ville<\/strong>, \u00e9glise SAINT MAURICE <\/span><\/li>\n<li><span style=\"color: #000000;\"><strong>Messein<\/strong>, \u00e9glise SAINT PIERRE et SAINT PAUL<\/span><\/li>\n<li><span style=\"color: #000000;\"><strong>Neuves-Maisons<\/strong>, \u00e9glise SAINT ANTOINE de Padoue <\/span><\/li>\n<li><span style=\"color: #000000;\"><strong>Parey-Saint-C\u00e9saire<\/strong>, \u00e9glise SAINT C\u00c9ZAIRE <\/span><\/li>\n<li><span style=\"color: #000000;\"><strong>Pierreville<\/strong>, \u00e9glise SAINT L\u00c9GER<\/span><\/li>\n<li><span style=\"color: #000000;\"><strong>Pont-Saint-Vincent<\/strong>, \u00e9glise SAINT JULIEN de Brioude<\/span><\/li>\n<li><span style=\"color: #000000;\"><strong>Pulligny<\/strong>, \u00e9glise SAINT PIERRE aux Liens <\/span><\/li>\n<li><span style=\"color: #000000;\"><strong>Sexey-aux-Forges,<\/strong> \u00e9glise SAINT MANSUY <\/span><\/li>\n<li><span style=\"color: #000000;\"><strong>Th\u00e9lod<\/strong>, \u00e9glise SAINT PIERRE et SAINT PAUL <\/span><\/li>\n<li><span style=\"color: #000000;\"><strong>Viterne,<\/strong> \u00c9glise de TOUS les SAINTS <\/span><\/li>\n<li><span style=\"color: #000000;\"><strong>Xeuilley<\/strong> , \u00e9glise SAINT R\u00c9MI\u00a0<\/span><\/li>\n<\/ul>\n<p><span style=\"color: #000000;\"><em><span style=\"text-decoration: underline;\">Permanence :<br \/><\/span><\/em> le mardi de 14h00 \u00e0 16h30 et le samedi de 09h30 \u00e0 11h30 au presbyt\u00e8re de Neuves-Maisons.<\/span><br \/><span style=\"color: #000000;\">24 rue du capitaine Caillon 54230 Neuves-Maisons (sur le c\u00f4t\u00e9 gauche de l&rsquo;\u00e9glise), tel : <\/span><span style=\"color: #000000;\">03.83.47.25.54<\/span><br \/><span style=\"color: #000000;\">mail : visitationmm@orange.fr<\/span><\/p>\n<p>\u00a0<\/p>\n","protected":false},"excerpt":{"rendered":"<p>Pour faire connaissance ou trouver des r\u00e9ponses \u00e0 vos questions, vous pouvez vous pr\u00e9senter aux permanences d&rsquo;accueil. Paroisse Saint-Fran\u00e7ois-de-Sales\u00a0 Jarville \u00e9glise du Sacr\u00e9-C\u0153ur Laneuveville \u00e9glise Notre Dame de l\u2019Assomption Fl\u00e9ville \u00e9glise Saint Pancrace Permanence\u00a0 : Le mardi, jeudi et samedi de 10h00 \u00e0 12h00 au presbyt\u00e8re de Jarville, 104 rue de la R\u00e9publique 54140 Jarville&hellip; <br \/> <a class=\"read-more\" href=\"https:\/\/paroisses-nancy-sud.fr\/HOME\/aux-permanences-daccueil\/\">Lire la suite<\/a><\/p>\n","protected":false},"author":2,"featured_media":0,"parent":0,"menu_order":0,"comment_status":"closed","ping_status":"closed","template":"","meta":[],"acf":[],"_links":{"self":[{"href":"https:\/\/paroisses-nancy-sud.fr\/HOME\/wp-json\/wp\/v2\/pages\/478"}],"collection":[{"href":"https:\/\/paroisses-nancy-sud.fr\/HOME\/wp-json\/wp\/v2\/pages"}],"about":[{"href":"https:\/\/paroisses-nancy-sud.fr\/HOME\/wp-json\/wp\/v2\/types\/page"}],"author":[{"embeddable":true,"href":"https:\/\/paroisses-nancy-sud.fr\/HOME\/wp-json\/wp\/v2\/users\/2"}],"replies":[{"embeddable":true,"href":"https:\/\/paroisses-nancy-sud.fr\/HOME\/wp-json\/wp\/v2\/comments?post=478"}],"version-history":[{"count":19,"href":"https:\/\/paroisses-nancy-sud.fr\/HOME\/wp-json\/wp\/v2\/pages\/478\/revisions"}],"predecessor-version":[{"id":4805,"href":"https:\/\/paroisses-nancy-sud.fr\/HOME\/wp-json\/wp\/v2\/pages\/478\/revisions\/4805"}],"wp:attachment":[{"href":"https:\/\/paroisses-nancy-sud.fr\/HOME\/wp-json\/wp\/v2\/media?parent=478"}],"curies":[{"name":"wp","href":"https:\/\/api.w.org\/{rel}","templated":true}]}}