{"id":5164,"date":"2026-02-12T10:06:54","date_gmt":"2026-02-12T09:06:54","guid":{"rendered":"https:\/\/paroisses-nancy-sud.fr\/HOME\/?page_id=5164"},"modified":"2026-02-13T16:09:01","modified_gmt":"2026-02-13T15:09:01","slug":"careme","status":"publish","type":"page","link":"https:\/\/paroisses-nancy-sud.fr\/HOME\/careme\/","title":{"rendered":"Car\u00eame Ste Jeanne de Chantal"},"content":{"rendered":"\n<p><span style=\"color: #000000;\"><strong>Paroisse Sainte-Jeanne-de-Chantal \u2013 Flavigny Heillecourt Ludres Richardm\u00e9nil\u00a0<\/strong><\/span><\/p>\n<p><span style=\"color: #000000;\"><img decoding=\"async\" loading=\"lazy\" class=\"alignnone  wp-image-5162\" src=\"https:\/\/paroisses-nancy-sud.fr\/HOME\/wp-content\/uploads\/image-307-300x300.png\" sizes=\"(max-width: 412px) 100vw, 412px\" srcset=\"https:\/\/paroisses-nancy-sud.fr\/HOME\/wp-content\/uploads\/image-307-300x300.png 300w, https:\/\/paroisses-nancy-sud.fr\/HOME\/wp-content\/uploads\/image-307-1024x1021.png 1024w, https:\/\/paroisses-nancy-sud.fr\/HOME\/wp-content\/uploads\/image-307-150x150.png 150w, https:\/\/paroisses-nancy-sud.fr\/HOME\/wp-content\/uploads\/image-307-768x766.png 768w, https:\/\/paroisses-nancy-sud.fr\/HOME\/wp-content\/uploads\/image-307-1083x1080.png 1083w, https:\/\/paroisses-nancy-sud.fr\/HOME\/wp-content\/uploads\/image-307.png 1294w\" alt=\"\" width=\"498\" height=\"497\" \/><\/span><br \/><span style=\"color: #000000;\"><strong>Les trois c\u00e9l\u00e9brations de la paroisse :<\/strong><\/span><\/p>\n<p><span style=\"color: #000000;\"><strong>5<\/strong>\u00a0<strong>mars<\/strong> 19h30 \u00e0 l\u2019\u00e9glise de Ludres : \u00ab\u00a0<em>En quoi ce<\/em> car\u00eame <em>peut changer ma vie<\/em> ?\u00a0\u00bb Pri\u00e8re et \u00e9changes<\/span><\/p>\n<p><span style=\"color: #000000;\"><strong>27 mars<\/strong> 19h30 \u00e0 l\u2019\u00e9glise de Flavigny : \u00ab <em>Rends-moi la joie d\u2019\u00eatre sauv\u00e9<\/em> \u00bb c\u00e9l\u00e9brer le pardon et la mis\u00e9ricorde.<\/span><\/p>\n<p><span style=\"color: #000000;\"><strong>28 avril<\/strong> 19h30 \u00e0 l\u2019\u00e9glise de Heillecourt : <em>\u00ab\u00a0Accueillir ma nouvelle<\/em> vie <em>du Christ Sauveur et vivant\u00a0\u00bb<\/em><\/span><br \/><br \/><span style=\"color: #000000;\"><strong>Jeudi Saint<\/strong>\u00a0<strong>2 avril<\/strong>\u00a0: Messe \u00e0 18H \u00e0 Heillecourt<\/span><br \/><br \/><span style=\"color: #000000;\"><strong>Vendredi Saint<\/strong> <strong>3 <\/strong><strong>avril<\/strong>\u00a0: Chemin de Croix \u00e0 15H \u00e0 Heillecourt<\/span><br \/><span style=\"color: #000000;\"><strong>Vendredi Saint<\/strong>\u00a0<strong>3 avril<\/strong>\u00a0: Messe \u00e0 18H \u00e0 Heillecourt<\/span><br \/><br \/><span style=\"color: #000000;\"><strong>Samedi<\/strong>\u00a0<strong>4 avril<\/strong>\u00a0: Veill\u00e9e Pascal \u00e0 21H \u00e0 Heillecourt<\/span><\/p>\n<p><span style=\"color: #000000;\"><strong>Dimanche de P\u00e2ques<\/strong>\u00a0<strong>5 avril<\/strong> : Messe \u00e0 11H \u00e0 Ludres<\/span><\/p>\n<p><span style=\"color: #000000;\"><strong>Les liens :<\/strong><\/span><\/p>\n<p><span style=\"color: #000000;\"><a style=\"color: #000000;\" href=\"https:\/\/www.caremedanslaville.org\/\">https:\/\/www.caremedanslaville.org\/ \u2013 Un chemin complet de car\u00eame avec les Dominicains<\/a><\/span><\/p>\n<p><span style=\"color: #000000;\"><a style=\"color: #000000;\" href=\"http:\/\/www.youtube.com\/@frerePaulAdrien\">http:\/\/www.youtube.com\/@frerePaulAdrien \u2013 Un pr\u00eatre aborde toutes les questions possibles sur la foi<\/a><\/span><\/p>\n\n\n<style id=\"wpforms-css-vars-5172-block-dea4080c-00e2-4bf4-ae71-6e160d3246dc\">\n\t\t\t\t#wpforms-5172.wpforms-block-dea4080c-00e2-4bf4-ae71-6e160d3246dc {\n\t\t\t\t--wpforms-field-size-input-height: 43px;\n--wpforms-field-size-input-spacing: 15px;\n--wpforms-field-size-font-size: 16px;\n--wpforms-field-size-line-height: 19px;\n--wpforms-field-size-padding-h: 14px;\n--wpforms-field-size-checkbox-size: 16px;\n--wpforms-field-size-sublabel-spacing: 5px;\n--wpforms-field-size-icon-size: 1;\n--wpforms-label-size-font-size: 16px;\n--wpforms-label-size-line-height: 19px;\n--wpforms-label-size-sublabel-font-size: 14px;\n--wpforms-label-size-sublabel-line-height: 17px;\n--wpforms-button-size-font-size: 17px;\n--wpforms-button-size-height: 41px;\n--wpforms-button-size-padding-h: 15px;\n--wpforms-button-size-margin-top: 10px;\n\t\t\t}\n\t\t\t<\/style><div class=\"wpforms-container wpforms-container-full wpforms-block wpforms-block-dea4080c-00e2-4bf4-ae71-6e160d3246dc wpforms-render-modern\" id=\"wpforms-5172\"><form id=\"wpforms-form-5172\" class=\"wpforms-validate wpforms-form wpforms-ajax-form\" data-formid=\"5172\" method=\"post\" enctype=\"multipart\/form-data\" action=\"\/HOME\/wp-json\/wp\/v2\/pages\/5164\" data-token=\"b56ca175c47faf62bc68b1f8a46005b3\" data-token-time=\"1778754653\"><noscript class=\"wpforms-error-noscript\">Veuillez activer JavaScript dans votre navigateur pour remplir ce formulaire.<\/noscript><div id=\"wpforms-error-noscript\" style=\"display: none;\">Veuillez activer JavaScript dans votre navigateur pour remplir ce formulaire.<\/div><div class=\"wpforms-field-container\">\t\t<div id=\"wpforms-5172-field_2-container\"\n\t\t\tclass=\"wpforms-field wpforms-field-text\"\n\t\t\tdata-field-type=\"text\"\n\t\t\tdata-field-id=\"2\"\n\t\t\t>\n\t\t\t<label class=\"wpforms-field-label\" for=\"wpforms-5172-field_2\" >Je plusieurs intentions<\/label>\n\t\t\t<input type=\"text\" id=\"wpforms-5172-field_2\" class=\"wpforms-field-medium\" name=\"wpforms[fields][2]\" >\n\t\t<\/div>\n\t\t<div id=\"wpforms-5172-field_1-container\" class=\"wpforms-field wpforms-field-textarea\" data-field-id=\"1\"><label class=\"wpforms-field-label\" for=\"wpforms-5172-field_1\">Je souhaite d\u00e9poser une ou plusieurs intentions de pri\u00e8re <\/label><textarea id=\"wpforms-5172-field_1\" class=\"wpforms-field-medium\" name=\"wpforms[fields][1]\" aria-errormessage=\"wpforms-5172-field_1-error\" ><\/textarea><\/div><script>\n\t\t\t\t( function() {\n\t\t\t\t\tconst style = document.createElement( 'style' );\n\t\t\t\t\tstyle.appendChild( document.createTextNode( '#wpforms-5172-field_2-container { position: absolute !important; overflow: hidden !important; display: inline !important; height: 1px !important; width: 1px !important; z-index: -1000 !important; padding: 0 !important; } #wpforms-5172-field_2-container input { visibility: hidden; } #wpforms-conversational-form-page #wpforms-5172-field_2-container label { counter-increment: none; }' ) );\n\t\t\t\t\tdocument.head.appendChild( style );\n\t\t\t\t\tdocument.currentScript?.remove();\n\t\t\t\t} )();\n\t\t\t<\/script><\/div><!-- .wpforms-field-container --><div class=\"wpforms-submit-container\" ><input type=\"hidden\" name=\"wpforms[id]\" value=\"5172\"><input type=\"hidden\" name=\"page_title\" value=\"\"><input type=\"hidden\" name=\"page_url\" value=\"https:\/\/paroisses-nancy-sud.fr\/HOME\/wp-json\/wp\/v2\/pages\/5164\"><input type=\"hidden\" name=\"url_referer\" value=\"\"><button type=\"submit\" name=\"wpforms[submit]\" id=\"wpforms-submit-5172\" class=\"wpforms-submit\" data-alt-text=\"Envoi...\" data-submit-text=\"Envoyer\" aria-live=\"assertive\" value=\"wpforms-submit\">Envoyer<\/button><img decoding=\"async\" loading=\"lazy\" src=\"https:\/\/paroisses-nancy-sud.fr\/HOME\/wp-content\/plugins\/wpforms-lite\/assets\/images\/submit-spin.svg\" class=\"wpforms-submit-spinner\" style=\"display: none;\" width=\"26\" height=\"26\" alt=\"Chargement en cours\"><\/div><\/form><\/div>  <!-- .wpforms-container -->","protected":false},"excerpt":{"rendered":"<p>Paroisse Sainte-Jeanne-de-Chantal \u2013 Flavigny Heillecourt Ludres Richardm\u00e9nil\u00a0 Les trois c\u00e9l\u00e9brations de la paroisse : 5\u00a0mars 19h30 \u00e0 l\u2019\u00e9glise de Ludres : \u00ab\u00a0En quoi ce car\u00eame peut changer ma vie ?\u00a0\u00bb Pri\u00e8re et \u00e9changes 27 mars 19h30 \u00e0 l\u2019\u00e9glise de Flavigny : \u00ab Rends-moi la joie d\u2019\u00eatre sauv\u00e9 \u00bb c\u00e9l\u00e9brer le pardon et la mis\u00e9ricorde. 28&hellip; <br \/> <a class=\"read-more\" href=\"https:\/\/paroisses-nancy-sud.fr\/HOME\/careme\/\">Lire la suite<\/a><\/p>\n","protected":false},"author":5,"featured_media":0,"parent":0,"menu_order":0,"comment_status":"closed","ping_status":"closed","template":"","meta":[],"acf":[],"_links":{"self":[{"href":"https:\/\/paroisses-nancy-sud.fr\/HOME\/wp-json\/wp\/v2\/pages\/5164"}],"collection":[{"href":"https:\/\/paroisses-nancy-sud.fr\/HOME\/wp-json\/wp\/v2\/pages"}],"about":[{"href":"https:\/\/paroisses-nancy-sud.fr\/HOME\/wp-json\/wp\/v2\/types\/page"}],"author":[{"embeddable":true,"href":"https:\/\/paroisses-nancy-sud.fr\/HOME\/wp-json\/wp\/v2\/users\/5"}],"replies":[{"embeddable":true,"href":"https:\/\/paroisses-nancy-sud.fr\/HOME\/wp-json\/wp\/v2\/comments?post=5164"}],"version-history":[{"count":7,"href":"https:\/\/paroisses-nancy-sud.fr\/HOME\/wp-json\/wp\/v2\/pages\/5164\/revisions"}],"predecessor-version":[{"id":5183,"href":"https:\/\/paroisses-nancy-sud.fr\/HOME\/wp-json\/wp\/v2\/pages\/5164\/revisions\/5183"}],"wp:attachment":[{"href":"https:\/\/paroisses-nancy-sud.fr\/HOME\/wp-json\/wp\/v2\/media?parent=5164"}],"curies":[{"name":"wp","href":"https:\/\/api.w.org\/{rel}","templated":true}]}}