{"id":538,"date":"2020-11-22T16:45:07","date_gmt":"2020-11-22T15:45:07","guid":{"rendered":"https:\/\/paroisses-nancy-sud.fr\/HOME\/?page_id=538"},"modified":"2025-07-12T15:56:18","modified_gmt":"2025-07-12T13:56:18","slug":"les-pretres-et-les-diacres","status":"publish","type":"page","link":"https:\/\/paroisses-nancy-sud.fr\/HOME\/les-pretres-et-les-diacres\/","title":{"rendered":"Les pr\u00eatres et les diacres"},"content":{"rendered":"\n<p><span style=\"color: #000000;\">Les pr\u00eatres et les diacres du secteur Nancy-Sud sont disponibles pour vous rencontrer.<\/span><\/p>\n<p><span style=\"color: #000000;\">Si vous voulez rencontrer une personnes, merci de vous adresser aux <a style=\"color: #000000;\" href=\"https:\/\/paroisses-nancy-sud.fr\/HOME\/aux-permanences-daccueil\/\">permanences\u00a0des paroisses<\/a> :<\/span><\/p>\n<p><span style=\"color: #000000;\"><strong>P\u00e8re G\u00e9rard Nduwimana<\/strong>, cur\u00e9 mod\u00e9rateur<\/span><br \/><span style=\"color: #000000;\">24 rue du capitaine Caillon 54230 Neuves-Maisons<\/span><\/p>\n<p><span style=\"color: #000000;\"><strong>P\u00e8re Fran\u00e7ois Weber, <\/strong><em>cur\u00e9 in solidum<br \/><\/em>6 rue des Loups,\u00a054000 Nancy<\/span><\/p>\n<p><span style=\"color: #000000;\"><strong>P\u00e8re Alexandre-Marie Valder<\/strong>, pr\u00eatre coop\u00e9rateur<\/span><br \/><span style=\"color: #000000;\">104 rue de la R\u00e9publique 54140 Jarville la Malgrange<\/span><\/p>\n<p><span style=\"color: #000000;\"><strong>P\u00e8re Guy Tshimanga<\/strong>, pr\u00eatre coop\u00e9rateur<br \/>179 avenue de Strasbourg 54000 Nancy<\/span><\/p>\n<p><span style=\"color: #000000;\">Sans oublier notre <strong>pr\u00eatre retrait\u00e9<\/strong>\u00a0: <\/span><br \/><span style=\"color: #000000;\">P\u00e8re Claude Houot (Heillecourt)<\/span><\/p>\n<p><br \/><span style=\"color: #000000;\"><strong>Diacres<\/strong> :<\/span><br \/><span style=\"color: #000000;\">Antoine M\u00e9riaux (Sainte-Jeanne-de-Chantal)<\/span><br \/><span style=\"color: #000000;\">Pierre Giovanella (la Visitation sur Moselle et Madon)<\/span><span style=\"color: #000000;\"><br \/><br \/><\/span><\/p>\n<p>\u00a0<\/p>\n","protected":false},"excerpt":{"rendered":"<p>Les pr\u00eatres et les diacres du secteur Nancy-Sud sont disponibles pour vous rencontrer. Si vous voulez rencontrer une personnes, merci de vous adresser aux permanences\u00a0des paroisses : P\u00e8re G\u00e9rard Nduwimana, cur\u00e9 mod\u00e9rateur24 rue du capitaine Caillon 54230 Neuves-Maisons P\u00e8re Fran\u00e7ois Weber, cur\u00e9 in solidum6 rue des Loups,\u00a054000 Nancy P\u00e8re Alexandre-Marie Valder, pr\u00eatre coop\u00e9rateur104 rue de&hellip; <br \/> <a class=\"read-more\" href=\"https:\/\/paroisses-nancy-sud.fr\/HOME\/les-pretres-et-les-diacres\/\">Lire la suite<\/a><\/p>\n","protected":false},"author":2,"featured_media":539,"parent":0,"menu_order":0,"comment_status":"closed","ping_status":"closed","template":"","meta":[],"acf":[],"_links":{"self":[{"href":"https:\/\/paroisses-nancy-sud.fr\/HOME\/wp-json\/wp\/v2\/pages\/538"}],"collection":[{"href":"https:\/\/paroisses-nancy-sud.fr\/HOME\/wp-json\/wp\/v2\/pages"}],"about":[{"href":"https:\/\/paroisses-nancy-sud.fr\/HOME\/wp-json\/wp\/v2\/types\/page"}],"author":[{"embeddable":true,"href":"https:\/\/paroisses-nancy-sud.fr\/HOME\/wp-json\/wp\/v2\/users\/2"}],"replies":[{"embeddable":true,"href":"https:\/\/paroisses-nancy-sud.fr\/HOME\/wp-json\/wp\/v2\/comments?post=538"}],"version-history":[{"count":18,"href":"https:\/\/paroisses-nancy-sud.fr\/HOME\/wp-json\/wp\/v2\/pages\/538\/revisions"}],"predecessor-version":[{"id":4807,"href":"https:\/\/paroisses-nancy-sud.fr\/HOME\/wp-json\/wp\/v2\/pages\/538\/revisions\/4807"}],"wp:featuredmedia":[{"embeddable":true,"href":"https:\/\/paroisses-nancy-sud.fr\/HOME\/wp-json\/wp\/v2\/media\/539"}],"wp:attachment":[{"href":"https:\/\/paroisses-nancy-sud.fr\/HOME\/wp-json\/wp\/v2\/media?parent=538"}],"curies":[{"name":"wp","href":"https:\/\/api.w.org\/{rel}","templated":true}]}}