{"id":544,"date":"2020-11-22T16:51:44","date_gmt":"2020-11-22T15:51:44","guid":{"rendered":"https:\/\/paroisses-nancy-sud.fr\/HOME\/?page_id=544"},"modified":"2024-11-02T16:50:06","modified_gmt":"2024-11-02T15:50:06","slug":"decouvrir-ou-redecouvrir-la-foi-chretienne","status":"publish","type":"page","link":"https:\/\/paroisses-nancy-sud.fr\/HOME\/decouvrir-ou-redecouvrir-la-foi-chretienne\/","title":{"rendered":"D\u00e9couvrir ou red\u00e9couvrir la foi chr\u00e9tienne"},"content":{"rendered":"\n<table style=\"border-collapse: collapse; width: 88.8093%; height: 190px;\">\n<tbody>\n<tr style=\"height: 190px;\">\n<td style=\"width: 31.3262%; text-align: center; height: 190px;\"><span style=\"color: #000000;\"><img decoding=\"async\" class=\"n3VNCb KAlRDb\" src=\"https:\/\/upload.wikimedia.org\/wikipedia\/commons\/a\/ac\/Alpha_International.png\" alt=\"Parcours Alpha \u2014 Wikip\u00e9dia\" data-noaft=\"1\" \/><\/span><\/td>\n<td style=\"width: 39.9449%; height: 190px;\">\n<p style=\"text-align: center;\"><span style=\"color: #000000;\"><strong><span class=\"tm7\">TENTEZ\u00a0 L\u2019EXP\u00c9RIENCE\u00a0 ALPHA<br \/><\/span><\/strong><\/span><\/p>\n<p style=\"text-align: center;\"><span style=\"color: #000000;\"><strong><span class=\"tm7\"><br \/><\/span><\/strong><em><span class=\"tm8\">\u00ab\u00a0Rencontrer, partager, m\u00e9diter, rire, d\u00e9couvrir\u00a0\u00bb<\/span><\/em><\/span><\/p>\n<\/td>\n<td style=\"width: 28.7288%; text-align: center; height: 190px;\"><span style=\"color: #000000;\"><img decoding=\"async\" class=\"n3VNCb KAlRDb\" src=\"https:\/\/lesmureaux.info\/wp-content\/uploads\/cache\/images\/2022\/08\/Parcours-Alpha-Morainvilliers-e1516473572697\/Parcours-Alpha-Morainvilliers-e1516473572697-1292202376.png\" alt=\"Parcours Alpha - Repas d\u00e9couverte - Terres de Seine\" data-noaft=\"1\" \/><\/span><\/td>\n<\/tr>\n<\/tbody>\n<\/table>\n<p class=\"Standard\"><span style=\"color: #000000;\"><a style=\"color: #000000;\" href=\"https:\/\/www.parcoursalpha.fr\/classic\">Le parcours Alpha<\/a> est une s\u00e9rie de dix rencontres hebdomadaires autour d\u2019un repas, suivi d\u2019un expos\u00e9, puis d\u2019un temps d\u2019\u00e9change libre.<\/span><\/p>\n<p class=\"Standard\"><span style=\"color: #000000;\"> Ce parcours cr\u00e9e un espace convivial, pour explorer la foi chr\u00e9tienne, parler de Dieu et des questions li\u00e9es au sens de la vie. Il est ouvert \u00e0 tous. Chacun est accueilli de mani\u00e8re d\u00e9contract\u00e9e pour \u00e9changer, discuter, d\u00e9couvrir ou red\u00e9couvrir la foi chr\u00e9tienne.<\/span><\/p>\n<p class=\"Standard\"><span style=\"color: #000000;\">Les soir\u00e9es sont ouvertes \u00e0 tous et sont sans engagement.<\/span><\/p>\n<p class=\"Standard\"><span style=\"color: #000000;\">Venez d\u00e9couvrir ce parcours lors de la premi\u00e8re soir\u00e9e, <strong><span class=\"tm6\">le mardi 7 janvier 2025, <\/span><\/strong>dans les salles \u00e0 droite de l\u2019\u00e9glise de Jarville.<\/span><\/p>\n<p><span style=\"color: #000000;\"><em>Pour tout renseignement<\/em> : secretariat.sfs@paroisses-nancy-sud.fr\u00a0<\/span><\/p>\n<p>\u00a0<\/p>\n","protected":false},"excerpt":{"rendered":"<p>TENTEZ\u00a0 L\u2019EXP\u00c9RIENCE\u00a0 ALPHA \u00ab\u00a0Rencontrer, partager, m\u00e9diter, rire, d\u00e9couvrir\u00a0\u00bb Le parcours Alpha est une s\u00e9rie de dix rencontres hebdomadaires autour d\u2019un repas, suivi d\u2019un expos\u00e9, puis d\u2019un temps d\u2019\u00e9change libre. Ce parcours cr\u00e9e un espace convivial, pour explorer la foi chr\u00e9tienne, parler de Dieu et des questions li\u00e9es au sens de la vie. Il est ouvert&hellip; <br \/> <a class=\"read-more\" href=\"https:\/\/paroisses-nancy-sud.fr\/HOME\/decouvrir-ou-redecouvrir-la-foi-chretienne\/\">Lire la suite<\/a><\/p>\n","protected":false},"author":2,"featured_media":0,"parent":0,"menu_order":0,"comment_status":"closed","ping_status":"closed","template":"","meta":[],"acf":[],"_links":{"self":[{"href":"https:\/\/paroisses-nancy-sud.fr\/HOME\/wp-json\/wp\/v2\/pages\/544"}],"collection":[{"href":"https:\/\/paroisses-nancy-sud.fr\/HOME\/wp-json\/wp\/v2\/pages"}],"about":[{"href":"https:\/\/paroisses-nancy-sud.fr\/HOME\/wp-json\/wp\/v2\/types\/page"}],"author":[{"embeddable":true,"href":"https:\/\/paroisses-nancy-sud.fr\/HOME\/wp-json\/wp\/v2\/users\/2"}],"replies":[{"embeddable":true,"href":"https:\/\/paroisses-nancy-sud.fr\/HOME\/wp-json\/wp\/v2\/comments?post=544"}],"version-history":[{"count":11,"href":"https:\/\/paroisses-nancy-sud.fr\/HOME\/wp-json\/wp\/v2\/pages\/544\/revisions"}],"predecessor-version":[{"id":4222,"href":"https:\/\/paroisses-nancy-sud.fr\/HOME\/wp-json\/wp\/v2\/pages\/544\/revisions\/4222"}],"wp:attachment":[{"href":"https:\/\/paroisses-nancy-sud.fr\/HOME\/wp-json\/wp\/v2\/media?parent=544"}],"curies":[{"name":"wp","href":"https:\/\/api.w.org\/{rel}","templated":true}]}}