{"id":549,"date":"2020-11-22T17:11:09","date_gmt":"2020-11-22T16:11:09","guid":{"rendered":"https:\/\/paroisses-nancy-sud.fr\/HOME\/?page_id=549"},"modified":"2026-03-26T20:56:59","modified_gmt":"2026-03-26T19:56:59","slug":"les-equipes-au-service-de-la-pastorale","status":"publish","type":"page","link":"https:\/\/paroisses-nancy-sud.fr\/HOME\/les-equipes-au-service-de-la-pastorale\/","title":{"rendered":"Les \u00e9quipes au service de la pastorale"},"content":{"rendered":"\n<p><span style=\"color: #000000;\">Des \u00e9quipes r\u00e9unissent pr\u00eatres et la\u00efcs au service de la pastorale.<\/span><\/p>\n<p><span style=\"color: #000000;\"><strong>Paroisse Saint-Fran\u00e7ois-de-Sales<\/strong><\/span><br \/><span style=\"color: #000000;\"><span style=\"text-decoration: underline;\">Coordinatrice paroissiale<\/span> : Odile Bonmati<\/span><br \/><span style=\"color: #000000;\"><span style=\"text-decoration: underline;\">\u00c9quipe d&rsquo;Animation Pastorale<\/span> (EAP) : p\u00e8re Fran\u00e7ois Weber, Odile Bonmati, Vincent Peguy-Nauroy, Lindsay Chaumeton, Louise Thiriet , p\u00e8re Guy Tshimanga, p\u00e8re Alexandre-Marie Valder.<\/span><br \/><span style=\"color: #000000;\"><span style=\"text-decoration: underline;\">Conseil \u00c9conomique Paroissial<\/span> (CEP) : Alain Drillon (\u00e9conome paroissial), p\u00e8re Fran\u00e7ois Weber, Alain Bernard, Luc Guillaume (tr\u00e9sorier), Jean-Paul Bordenet, Lionel Pierrot, Odile Bonmati.<br \/><\/span><\/p>\n<p><span style=\"color: #000000;\"><strong>Paroisse Sainte-Jeanne-de-Chantal<\/strong><\/span><br \/><span style=\"color: #000000;\"><span style=\"text-decoration: underline;\">Coordinatrice paroissiale<\/span> : <em>en attente\u00a0<\/em><\/span><br \/><span style=\"color: #000000;\"><span style=\"text-decoration: underline;\">\u00c9quipe d&rsquo;Animation Pastorale<\/span> (EAP) : p\u00e8re Fran\u00e7ois Weber, Clotilde Charbonnel, Liliane Divry, Anne-Sophie Riesser, Jean-Louis Boich\u00e9.<\/span><br \/><span style=\"color: #000000;\"><span style=\"text-decoration: underline;\">Conseil \u00c9conomique Paroissial<\/span> (CEP) : Gilles Martin (\u00e9conome paroissial), p\u00e8re Fran\u00e7ois Weber, Micheline Schott (gestion des intentions de messe), Odile Walter (comptable)<\/span><\/p>\n<p><span style=\"color: #000000;\"><strong>Paroisse de la Visitation sur Moselle et Madon\u00a0<br \/><\/strong><span style=\"text-decoration: underline;\">Coordinateur Paroissial<\/span> : Jo\u00ebl Ferry<\/span><br \/><span style=\"color: #000000;\"><span style=\"text-decoration: underline;\">\u00c9quipe d&rsquo;Animation Pastorale<\/span> (EAP) : p\u00e8re G\u00e9rard Nduwimana, Jo\u00ebl ferry, Bernadette Florentin, Gautier Julien, \u00a0Cathy Christophe et Audrey Jacson.<\/span><br \/><span style=\"color: #000000;\"><span style=\"text-decoration: underline;\">Conseil \u00c9conomique Paroissial<\/span> (CEP) : Jean Fran\u00e7ois Medal (\u00e9conome paroissial), p\u00e8re G\u00e9rard Nduwimana, Jo\u00ebl Ferry, Denis Heideger, Bernadette Mangin, C\u00e9cilia Taveira (tr\u00e9sori\u00e8re).<\/span><\/p>\n<div class=\"x_elementToProof\" data-olk-copy-source=\"MessageBody\">\u00a0<\/div>\n<p><span style=\"color: #000000;\">\u00a0<\/span><\/p>\n","protected":false},"excerpt":{"rendered":"<p>Des \u00e9quipes r\u00e9unissent pr\u00eatres et la\u00efcs au service de la pastorale. Paroisse Saint-Fran\u00e7ois-de-SalesCoordinatrice paroissiale : Odile Bonmati\u00c9quipe d&rsquo;Animation Pastorale (EAP) : p\u00e8re Fran\u00e7ois Weber, Odile Bonmati, Vincent Peguy-Nauroy, Lindsay Chaumeton, Louise Thiriet , p\u00e8re Guy Tshimanga, p\u00e8re Alexandre-Marie Valder.Conseil \u00c9conomique Paroissial (CEP) : Alain Drillon (\u00e9conome paroissial), p\u00e8re Fran\u00e7ois Weber, Alain Bernard, Luc Guillaume (tr\u00e9sorier),&hellip; <br \/> <a class=\"read-more\" href=\"https:\/\/paroisses-nancy-sud.fr\/HOME\/les-equipes-au-service-de-la-pastorale\/\">Lire la suite<\/a><\/p>\n","protected":false},"author":2,"featured_media":0,"parent":0,"menu_order":0,"comment_status":"closed","ping_status":"closed","template":"","meta":[],"acf":[],"_links":{"self":[{"href":"https:\/\/paroisses-nancy-sud.fr\/HOME\/wp-json\/wp\/v2\/pages\/549"}],"collection":[{"href":"https:\/\/paroisses-nancy-sud.fr\/HOME\/wp-json\/wp\/v2\/pages"}],"about":[{"href":"https:\/\/paroisses-nancy-sud.fr\/HOME\/wp-json\/wp\/v2\/types\/page"}],"author":[{"embeddable":true,"href":"https:\/\/paroisses-nancy-sud.fr\/HOME\/wp-json\/wp\/v2\/users\/2"}],"replies":[{"embeddable":true,"href":"https:\/\/paroisses-nancy-sud.fr\/HOME\/wp-json\/wp\/v2\/comments?post=549"}],"version-history":[{"count":23,"href":"https:\/\/paroisses-nancy-sud.fr\/HOME\/wp-json\/wp\/v2\/pages\/549\/revisions"}],"predecessor-version":[{"id":5254,"href":"https:\/\/paroisses-nancy-sud.fr\/HOME\/wp-json\/wp\/v2\/pages\/549\/revisions\/5254"}],"wp:attachment":[{"href":"https:\/\/paroisses-nancy-sud.fr\/HOME\/wp-json\/wp\/v2\/media?parent=549"}],"curies":[{"name":"wp","href":"https:\/\/api.w.org\/{rel}","templated":true}]}}