{"id":69,"date":"2019-04-17T19:48:10","date_gmt":"2019-04-17T17:48:10","guid":{"rendered":"http:\/\/paroisses-nancy-sud.fr\/HOME\/index.php\/mesmerize\/"},"modified":"2026-03-27T14:14:03","modified_gmt":"2026-03-27T13:14:03","slug":"mesmerize","status":"publish","type":"page","link":"https:\/\/paroisses-nancy-sud.fr\/HOME\/","title":{"rendered":"Accueil"},"content":{"rendered":"<div  id=\"actualites\" class=\"features-16-card-bordered content-section content-section-spacing\" style=\"background-color: #ffffff;\" data-label=\"Actualites\" data-id=\"features--2\" data-export-id=\"features-16-card-bordered\" data-category=\"features\">\n<div  class=\"gridContainer\">\n<div  class=\"row text-center\">\n<div  class=\"section-title-col\" data-type=\"column\"><\/div>\n<\/div>\n<div  class=\"row spaced-cols center-sm\" data-type=\"row\">\n<div  class=\"col-xs-12 col-sm-6 col-md-4\">\n<div  class=\"card no-padding bordered y-move\"><img  decoding=\"async\" class=\"face\" title=\"PasserelleN41c-page001 (1)\" src=\"https:\/\/paroisses-nancy-sud.fr\/HOME\/wp-content\/uploads\/cropped-PasserelleN41c-page001-1-scaled-1.jpg\" alt=\"\">\n<div  class=\"col-padding-small col-padding-small-xs description-container\" data-type=\"column\">\n<h4  class=\"font-500\">Dernier Passerelle<\/h4>\n<p  class=\"\">Le dernier num\u00e9ro du bulletin Passerelle est disponible au fond des \u00e9glises et en t\u00e9l\u00e9chargement.<\/p>\n\n<\/div>\n<div  class=\"col-padding-small col-padding-small-xs read-more-container\" data-type=\"column\"><a class=\"link\" href=\"https:\/\/paroisses-nancy-sud.fr\/HOME\/wp-content\/uploads\/PasserelleN41-site.pdf\" target=\"_blank\" rel=\"noopener\" data-cp-link=\"1\">T\u00e9l\u00e9charger Passerelle num\u00e9ro 41 <\/a><a class=\"link\" href=\"https:\/\/paroisses-nancy-sud.fr\/HOME\" target=\"_blank\" rel=\"noopener\" data-cp-link=\"1\"><\/a><\/div>\n<\/div>\n<\/div>\n<div  class=\"col-xs-12 col-sm-6 col-md-4\">\n<div  class=\"card no-padding bordered y-move\"><img  decoding=\"async\" class=\"face\" title=\"cropped-bandeau-semaine-sainte-2026-1.png\" src=\"https:\/\/paroisses-nancy-sud.fr\/HOME\/wp-content\/uploads\/cropped-bandeau-semaine-sainte-2026-1.png\" alt=\"\">\n<div  class=\"col-padding-small col-padding-small-xs description-container\" data-type=\"column\"><a class=\"link\" href=\"https:\/\/www.catholique-nancy.fr\/grands-dossiers\/semaine-sainte-2026\" target=\"_self\" rel=\"noopener\" data-cp-link=\"1\">M\u00e9ditations Semaine Sainte, proposition du dioc\u00e8se<\/a><\/div>\n<div  class=\"col-padding-small col-padding-small-xs read-more-container\" data-type=\"column\"><\/div>\n<\/div>\n<\/div>\n<div  class=\"col-xs-12 col-sm-6 col-md-4\">\n<div  class=\"card no-padding bordered y-move\"><img  decoding=\"async\" class=\"face\" title=\"visuel denier\" src=\"https:\/\/paroisses-nancy-sud.fr\/HOME\/wp-content\/uploads\/visuel-denier.png\" alt=\"\">\n<div  class=\"col-padding-small col-padding-small-xs description-container\" data-type=\"column\"><a class=\"link\" href=\"https:\/\/paroisses-nancy-sud.fr\/HOME\/votre-eglise-a-besoin-de-vous\" target=\"_self\" rel=\"noopener\" data-cp-link=\"1\">Pour continuer \u00e0 c\u00e9l\u00e9brer ensemble, votre \u00c9glise a besoin de vous !<\/a><\/div>\n<div  class=\"col-padding-small col-padding-small-xs read-more-container\" data-type=\"column\"><\/div>\n<\/div>\n<\/div>\n<\/div>\n<\/div>\n<\/div><div  id=\"catgories\" class=\"features-16 content-section content-section-spacing\" style=\"background-color: #ffffff;\" data-label=\"Catgories\" data-id=\"features--1\" data-export-id=\"features-16\" data-category=\"features\">\n<div  class=\"gridContainer\">\n<div  class=\"row text-center\">\n<div  class=\"section-title-col\" data-type=\"column\"><\/div>\n<\/div>\n<div  class=\"row spaced-cols\" data-type=\"row\">\n<div  class=\"col-xs-12 col-sm-6 space-bottom col-md-3 \"><img  decoding=\"async\" class=\"face\" title=\"Time\" src=\"https:\/\/paroisses-nancy-sud.fr\/HOME\/wp-content\/uploads\/Time.jpg\" alt=\"\">\n<div  class=\"col-padding-small col-padding-small-xs description-container\" data-type=\"column\">\n<h4  class=\"font-500\">Agenda<\/h4>\n<a  class=\"\" href=\"https:\/\/paroisses-nancy-sud.fr\/agenda\">Acc\u00e9der<\/a>\n\n<\/div>\n<\/div>\n<div  class=\"col-xs-12 col-sm-6 space-bottom col-md-3 \"><img  decoding=\"async\" class=\"face\" title=\"cropped-Panneaux_annonces-1.png\" src=\"https:\/\/paroisses-nancy-sud.fr\/HOME\/wp-content\/uploads\/cropped-Panneaux_annonces-1.png\" alt=\"\">\n<div  class=\"col-padding-small col-padding-small-xs description-container\" data-type=\"column\">\n<h4  class=\"font-500\">Annonces de Saint-Fran\u00e7ois-de-Sales et Sainte-Jeanne-de-Chantal<\/h4>\n<a class=\"read-more\" href=\"https:\/\/paroisses-nancy-sud.fr\/HOME\/category\/annonces\" target=\"_self\" rel=\"noopener\" data-cp-link=\"1\">Acc\u00e9der<\/a>\n\n<\/div>\n<\/div>\n<div  class=\"col-xs-12 col-sm-6 space-bottom col-md-3 \"><img  decoding=\"async\" src=\"https:\/\/paroisses-nancy-sud.fr\/HOME\/wp-content\/uploads\/Paserelle_Visitation-1024x768.jpg\">\n<div  class=\"col-padding-small col-padding-small-xs description-container\" data-type=\"column\">\n<h4  class=\"font-500\">Annonces de la Visitation<\/h4>\n<a class=\"read-more\" href=\"https:\/\/paroisses-nancy-sud.fr\/HOME\/category\/annonces-visitation\" target=\"_self\" rel=\"noopener\" data-cp-link=\"1\">Acc\u00e9der<\/a>\n\n<\/div>\n<\/div>\n<div  class=\"col-xs-12 col-sm-6 space-bottom col-md-3\"><img  decoding=\"async\" class=\"face\" title=\"Bible_lutrin\" src=\"https:\/\/paroisses-nancy-sud.fr\/HOME\/wp-content\/uploads\/Bible_lutrin.jpg\" alt=\"\">\n<div  class=\"col-padding-small col-padding-small-xs description-container\" data-type=\"column\">\n<h4  class=\"font-500\">Hom\u00e9lies<\/h4>\n<a class=\"read-more\" href=\"https:\/\/paroisses-nancy-sud.fr\/HOME\/homelies\" target=\"_self\" rel=\"noopener\" data-cp-link=\"1\">Acc\u00e9der<\/a>\n\n<\/div>\n<\/div>\n<\/div>\n<\/div>\n<\/div><div  id=\"derniers-articles\" class=\"blog-section blog-section-standard content-section content-section-spacing\" style=\"background-color: #ffffff; background-image: none;\" data-label=\"Derniers articles\" data-id=\"blog-section\" data-export-id=\"blog-section\" data-category=\"latest_news\">\n<div  class=\"\">\n<div  class=\"row\">\n<div  data-type=\"row\" data-dynamic-columns=\"handled\" data-content-shortcode=\"mesmerize_latest_news columns=&quot;3&quot; \">        <div class=\"row center-sm content-left-sm\">\n                    <div id=\"post-5313\" class=\"col-sm-6 col-md-3 space-bottom space-bottom-xs\">\n                <div class=\"post-content card y-move bordered\">\n                    <div class=\"post-thumbnail\">\n   <a href=\"https:\/\/paroisses-nancy-sud.fr\/HOME\/sa-mort-nous-affranchit-de-la-mort\/\" class=\"post-list-item-thumb \">\n      <img width=\"1024\" height=\"680\" src=\"https:\/\/paroisses-nancy-sud.fr\/HOME\/wp-content\/uploads\/Bible_lutrin-1024x680.jpg\" class=\"attachment-post-thumbnail size-post-thumbnail wp-post-image\" alt=\"\" decoding=\"async\" loading=\"lazy\" srcset=\"https:\/\/paroisses-nancy-sud.fr\/HOME\/wp-content\/uploads\/Bible_lutrin-1024x680.jpg 1024w, https:\/\/paroisses-nancy-sud.fr\/HOME\/wp-content\/uploads\/Bible_lutrin-300x199.jpg 300w, https:\/\/paroisses-nancy-sud.fr\/HOME\/wp-content\/uploads\/Bible_lutrin-768x510.jpg 768w, https:\/\/paroisses-nancy-sud.fr\/HOME\/wp-content\/uploads\/Bible_lutrin-1536x1020.jpg 1536w, https:\/\/paroisses-nancy-sud.fr\/HOME\/wp-content\/uploads\/Bible_lutrin-1626x1080.jpg 1626w, https:\/\/paroisses-nancy-sud.fr\/HOME\/wp-content\/uploads\/Bible_lutrin.jpg 1920w\" sizes=\"(max-width: 1024px) 100vw, 1024px\" \/>   <\/a>\n<\/div>\n                    <div class=\"col-padding col-padding-xs\">\n                        <h3 class=\"post-title space-bottom-small\">\n                            <a href=\"https:\/\/paroisses-nancy-sud.fr\/HOME\/sa-mort-nous-affranchit-de-la-mort\/\" rel=\"bookmark\">\n                                Sa mort nous affranchit de la mort                            <\/a>\n                        <\/h3>\n                        <p>Sa mort nous affranchit de la mort \u00ab Reste avec nous, car le soir approche et d\u00e9j\u00e0 le jour baisse. \u00bb Chaque soir, les t\u00e9n\u00e8bres de la nuit couvrent le[&hellip;]<\/p>\n                        <a class=\"read-more link\" href=\"https:\/\/paroisses-nancy-sud.fr\/HOME\/sa-mort-nous-affranchit-de-la-mort\/\">\n                            Read more                        <\/a>\n                    <\/div>\n                <\/div>\n            <\/div>\n                    <div id=\"post-5315\" class=\"col-sm-6 col-md-3 space-bottom space-bottom-xs\">\n                <div class=\"post-content card y-move bordered\">\n                    <div class=\"post-thumbnail\">\n   <a href=\"https:\/\/paroisses-nancy-sud.fr\/HOME\/annonces-de-saint-francois-de-sales-et-sainte-jeanne-de-chantal-du-19-avril\/\" class=\"post-list-item-thumb \">\n      <img width=\"890\" height=\"593\" src=\"https:\/\/paroisses-nancy-sud.fr\/HOME\/wp-content\/uploads\/cropped-Panneaux_annonces-1.png\" class=\"attachment-post-thumbnail size-post-thumbnail wp-post-image\" alt=\"\" decoding=\"async\" loading=\"lazy\" srcset=\"https:\/\/paroisses-nancy-sud.fr\/HOME\/wp-content\/uploads\/cropped-Panneaux_annonces-1.png 890w, https:\/\/paroisses-nancy-sud.fr\/HOME\/wp-content\/uploads\/cropped-Panneaux_annonces-1-300x200.png 300w, https:\/\/paroisses-nancy-sud.fr\/HOME\/wp-content\/uploads\/cropped-Panneaux_annonces-1-768x512.png 768w\" sizes=\"(max-width: 890px) 100vw, 890px\" \/>   <\/a>\n<\/div>\n                    <div class=\"col-padding col-padding-xs\">\n                        <h3 class=\"post-title space-bottom-small\">\n                            <a href=\"https:\/\/paroisses-nancy-sud.fr\/HOME\/annonces-de-saint-francois-de-sales-et-sainte-jeanne-de-chantal-du-19-avril\/\" rel=\"bookmark\">\n                                Annonces de Saint-Fran\u00e7ois-de-Sales et Sainte-Jeanne-de-Chantal du 19 avril                            <\/a>\n                        <\/h3>\n                        <p>Bapt\u00eames :Samedi 18 avril \u00e0 Laneuveville, bapt\u00eame de Th\u00e9o et dimanche 19 avril, \u00e0 Jarville bapt\u00eame de Emmy. Dimanche 26 avril \u00e0 Jarville, bapt\u00eame de Noa. Nous prions ces enfants[&hellip;]<\/p>\n                        <a class=\"read-more link\" href=\"https:\/\/paroisses-nancy-sud.fr\/HOME\/annonces-de-saint-francois-de-sales-et-sainte-jeanne-de-chantal-du-19-avril\/\">\n                            Read more                        <\/a>\n                    <\/div>\n                <\/div>\n            <\/div>\n                    <div id=\"post-5311\" class=\"col-sm-6 col-md-3 space-bottom space-bottom-xs\">\n                <div class=\"post-content card y-move bordered\">\n                    <div class=\"post-thumbnail\">\n   <a href=\"https:\/\/paroisses-nancy-sud.fr\/HOME\/annonces-de-la-visitation-du-19-avril\/\" class=\"post-list-item-thumb \">\n      <img width=\"1024\" height=\"768\" src=\"https:\/\/paroisses-nancy-sud.fr\/HOME\/wp-content\/uploads\/Paserelle_Visitation-1024x768.jpg\" class=\"attachment-post-thumbnail size-post-thumbnail wp-post-image\" alt=\"\" decoding=\"async\" loading=\"lazy\" srcset=\"https:\/\/paroisses-nancy-sud.fr\/HOME\/wp-content\/uploads\/Paserelle_Visitation-1024x768.jpg 1024w, https:\/\/paroisses-nancy-sud.fr\/HOME\/wp-content\/uploads\/Paserelle_Visitation-300x225.jpg 300w, https:\/\/paroisses-nancy-sud.fr\/HOME\/wp-content\/uploads\/Paserelle_Visitation-768x576.jpg 768w, https:\/\/paroisses-nancy-sud.fr\/HOME\/wp-content\/uploads\/Paserelle_Visitation-1536x1152.jpg 1536w, https:\/\/paroisses-nancy-sud.fr\/HOME\/wp-content\/uploads\/Paserelle_Visitation-2048x1536.jpg 2048w, https:\/\/paroisses-nancy-sud.fr\/HOME\/wp-content\/uploads\/Paserelle_Visitation-1440x1080.jpg 1440w, https:\/\/paroisses-nancy-sud.fr\/HOME\/wp-content\/uploads\/Paserelle_Visitation-scaled-e1616961649858.jpg 1280w\" sizes=\"(max-width: 1024px) 100vw, 1024px\" \/>   <\/a>\n<\/div>\n                    <div class=\"col-padding col-padding-xs\">\n                        <h3 class=\"post-title space-bottom-small\">\n                            <a href=\"https:\/\/paroisses-nancy-sud.fr\/HOME\/annonces-de-la-visitation-du-19-avril\/\" rel=\"bookmark\">\n                                Annonces de la Visitation du 19 avril                            <\/a>\n                        <\/h3>\n                        <p>Samedi 25 avril, mariage de Jonathan et de Morgane,\u00a0en l\u2019\u00e9glise de Sexey aux ForgesNous nous r\u00e9jouissons et les portons dans nos pri\u00e8res P\u00e8lerinage dioc\u00e9sain 2026 \u00e0 Lourdes :\u00ab\u00a0Ce p\u00e8lerinage, auquel[&hellip;]<\/p>\n                        <a class=\"read-more link\" href=\"https:\/\/paroisses-nancy-sud.fr\/HOME\/annonces-de-la-visitation-du-19-avril\/\">\n                            Read more                        <\/a>\n                    <\/div>\n                <\/div>\n            <\/div>\n                    <div id=\"post-5309\" class=\"col-sm-6 col-md-3 space-bottom space-bottom-xs\">\n                <div class=\"post-content card y-move bordered\">\n                    <div class=\"post-thumbnail\">\n   <a href=\"https:\/\/paroisses-nancy-sud.fr\/HOME\/la-fraternite-qui-fait-leglise\/\" class=\"post-list-item-thumb \">\n      <img width=\"1024\" height=\"680\" src=\"https:\/\/paroisses-nancy-sud.fr\/HOME\/wp-content\/uploads\/Bible_lutrin-1024x680.jpg\" class=\"attachment-post-thumbnail size-post-thumbnail wp-post-image\" alt=\"\" decoding=\"async\" loading=\"lazy\" srcset=\"https:\/\/paroisses-nancy-sud.fr\/HOME\/wp-content\/uploads\/Bible_lutrin-1024x680.jpg 1024w, https:\/\/paroisses-nancy-sud.fr\/HOME\/wp-content\/uploads\/Bible_lutrin-300x199.jpg 300w, https:\/\/paroisses-nancy-sud.fr\/HOME\/wp-content\/uploads\/Bible_lutrin-768x510.jpg 768w, https:\/\/paroisses-nancy-sud.fr\/HOME\/wp-content\/uploads\/Bible_lutrin-1536x1020.jpg 1536w, https:\/\/paroisses-nancy-sud.fr\/HOME\/wp-content\/uploads\/Bible_lutrin-1626x1080.jpg 1626w, https:\/\/paroisses-nancy-sud.fr\/HOME\/wp-content\/uploads\/Bible_lutrin.jpg 1920w\" sizes=\"(max-width: 1024px) 100vw, 1024px\" \/>   <\/a>\n<\/div>\n                    <div class=\"col-padding col-padding-xs\">\n                        <h3 class=\"post-title space-bottom-small\">\n                            <a href=\"https:\/\/paroisses-nancy-sud.fr\/HOME\/la-fraternite-qui-fait-leglise\/\" rel=\"bookmark\">\n                                La fraternit\u00e9 qui fait l&rsquo;Eglise                            <\/a>\n                        <\/h3>\n                        <p>Je vais vous raconter une histoire vraie qui s\u2019est pass\u00e9e il y a quelques ann\u00e9es en R\u00e9gion parisienne. Il s\u2019agit de quelques personnes qui font r\u00e9guli\u00e8rement le m\u00e9nage de l\u2019\u00e9glise.[&hellip;]<\/p>\n                        <a class=\"read-more link\" href=\"https:\/\/paroisses-nancy-sud.fr\/HOME\/la-fraternite-qui-fait-leglise\/\">\n                            Read more                        <\/a>\n                    <\/div>\n                <\/div>\n            <\/div>\n            <\/div>\n    <\/div>\n<\/div>\n<div  class=\"row\">\n<div  class=\"text-center\"><a  class=\"button color1\" href=\"https:\/\/paroisses-nancy-sud.fr\/HOME\/blog\/\" data-attr-shortcode=\"href:mesmerize_blog_link\">Voir tous les articles<\/a><\/div>\n<\/div>\n<\/div>\n<\/div><div  id=\"pretres\" class=\"team-5 content-section content-section-spacing\" style=\"background-color: #f5fafd;\" data-label=\"Pretres\" data-id=\"team--1\" data-export-id=\"team-5\" data-category=\"team\">\n<div  class=\"gridContainer\">\n<div  class=\"row text-center\">\n<div  class=\"section-title-col\" data-type=\"column\">\n<h2  class=\"\">Les pr\u00eatres du secteur pastoral<\/h2>\n<\/div>\n<\/div>\n<div  class=\"row spaced-cols content-center-sm\" data-type=\"row\">\n<div  class=\"col-xs-12 col-sm-6 col-padding col-md-4 \">\n<div  class=\"row \">\n<div  class=\"col-xs-12 col-sm-12\" data-type=\"column\"><img  decoding=\"async\" class=\"round face\" title=\"cropped-francois-weber-1.jpg\" src=\"https:\/\/paroisses-nancy-sud.fr\/HOME\/wp-content\/uploads\/cropped-francois-weber-1.jpg\" alt=\"\">\n<h4  class=\"font-500\">P\u00e8re Fran\u00e7ois Weber<\/h4>\n<p  class=\"italic\">Cur\u00e9 in solidum<\/p>\n\n<div  class=\"social-icons-group\" data-type=\"group\"><\/div>\n<\/div>\n<\/div>\n<\/div>\n<div  class=\"col-xs-12 col-sm-6 col-padding col-md-4 \">\n<div  class=\"row \">\n<div  class=\"col-xs-12 col-sm-12\" data-type=\"column\"><img  decoding=\"async\" class=\"round face\" title=\"cropped-Pere-Gerard.jpg\" src=\"https:\/\/paroisses-nancy-sud.fr\/HOME\/wp-content\/uploads\/cropped-Pere-Gerard.jpg\" alt=\"\">\n<h4  class=\"font-500\">P\u00e8re G\u00e9rard Nduwimana<\/h4>\n<p  class=\"italic\">Cur\u00e9 mod\u00e9rateur<\/p>\n\n<div  class=\"social-icons-group\" data-type=\"group\"><\/div>\n<\/div>\n<\/div>\n<\/div>\n<div  class=\"col-xs-12 col-sm-6 col-padding col-md-4 \">\n<div  class=\"row \">\n<div  class=\"col-xs-12 col-sm-12\" data-type=\"column\"><img  decoding=\"async\" class=\"round face\" title=\"cropped-Pere_Guy3-4.jpg\" src=\"http:\/\/paroisses-nancy-sud.fr\/HOME\/wp-content\/uploads\/cropped-Pere_Guy3-4.jpg\" alt=\"\">\n<h4  class=\"font-500\">P\u00e8re Guy Tshimanga<\/h4>\n<p  class=\"italic\">Pr\u00eatre coop\u00e9rateur<\/p>\n\n<div  class=\"social-icons-group\" data-type=\"group\"><\/div>\n<\/div>\n<\/div>\n<\/div>\n<div  class=\"col-xs-12 col-sm-6 col-padding col-md-4 \">\n<div  class=\"row \">\n<div  class=\"col-xs-12 col-sm-12\" data-type=\"column\"><img  decoding=\"async\" class=\"round face\" title=\"cropped-Alexandre-Marie2-1.jpg\" src=\"https:\/\/paroisses-nancy-sud.fr\/HOME\/wp-content\/uploads\/cropped-Alexandre-Marie2-1.jpg\" alt=\"\">\n<h4  class=\"font-500\">P\u00e8re Alexandre-Marie Valder<\/h4>\n<p  class=\"italic\">Pr\u00eatre coop\u00e9rateur<\/p>\n\n<div  class=\"social-icons-group\" data-type=\"group\"><\/div>\n<\/div>\n<\/div>\n<\/div>\n<div  class=\"col-xs-12 col-sm-6 col-padding col-md-4 \">\n<div  class=\"row \">\n<div  class=\"col-xs-12 col-sm-12\" data-type=\"column\"><img  decoding=\"async\" class=\"round face\" title=\"cropped-Raj1-1.jpg\" src=\"https:\/\/paroisses-nancy-sud.fr\/HOME\/wp-content\/uploads\/cropped-Raj1-1.jpg\" alt=\"\">\n<h4  class=\"font-500\">P\u00e8re Raj Kumar Sampath Kumar<\/h4>\n<p  class=\"italic\">Pr\u00eatre coop\u00e9rateur<\/p>\n\n<div  class=\"social-icons-group\" data-type=\"group\"><\/div>\n<\/div>\n<\/div>\n<\/div>\n<\/div>\n<\/div>\n<\/div><figure  class=\"wp-block-image\"><img  alt=\"\"><\/figure>","protected":false},"excerpt":{"rendered":"<p>Dernier Passerelle Le dernier num\u00e9ro du bulletin Passerelle est disponible au fond des \u00e9glises et en t\u00e9l\u00e9chargement. T\u00e9l\u00e9charger Passerelle num\u00e9ro 41 M\u00e9ditations Semaine Sainte, proposition du dioc\u00e8se Pour continuer \u00e0 c\u00e9l\u00e9brer ensemble, votre \u00c9glise a besoin de vous ! Agenda Acc\u00e9der Annonces de Saint-Fran\u00e7ois-de-Sales et Sainte-Jeanne-de-Chantal Acc\u00e9der Annonces de la Visitation Acc\u00e9der Hom\u00e9lies Acc\u00e9der Voir&hellip; <br \/> <a class=\"read-more\" href=\"https:\/\/paroisses-nancy-sud.fr\/HOME\/la-fraternite-qui-fait-leglise\/\">Lire la suite<\/a><\/p>\n","protected":false},"author":1,"featured_media":2424,"parent":0,"menu_order":0,"comment_status":"closed","ping_status":"closed","template":"page-templates\/homepage.php","meta":[],"acf":[],"_links":{"self":[{"href":"https:\/\/paroisses-nancy-sud.fr\/HOME\/wp-json\/wp\/v2\/pages\/69"}],"collection":[{"href":"https:\/\/paroisses-nancy-sud.fr\/HOME\/wp-json\/wp\/v2\/pages"}],"about":[{"href":"https:\/\/paroisses-nancy-sud.fr\/HOME\/wp-json\/wp\/v2\/types\/page"}],"author":[{"embeddable":true,"href":"https:\/\/paroisses-nancy-sud.fr\/HOME\/wp-json\/wp\/v2\/users\/1"}],"replies":[{"embeddable":true,"href":"https:\/\/paroisses-nancy-sud.fr\/HOME\/wp-json\/wp\/v2\/comments?post=69"}],"version-history":[{"count":149,"href":"https:\/\/paroisses-nancy-sud.fr\/HOME\/wp-json\/wp\/v2\/pages\/69\/revisions"}],"predecessor-version":[{"id":5271,"href":"https:\/\/paroisses-nancy-sud.fr\/HOME\/wp-json\/wp\/v2\/pages\/69\/revisions\/5271"}],"wp:featuredmedia":[{"embeddable":true,"href":"https:\/\/paroisses-nancy-sud.fr\/HOME\/wp-json\/wp\/v2\/media\/2424"}],"wp:attachment":[{"href":"https:\/\/paroisses-nancy-sud.fr\/HOME\/wp-json\/wp\/v2\/media?parent=69"}],"curies":[{"name":"wp","href":"https:\/\/api.w.org\/{rel}","templated":true}]}}